{"id":1722,"date":"2021-05-06T15:22:55","date_gmt":"2021-05-06T18:22:55","guid":{"rendered":"http:\/\/fio.edu.br\/fiohv\/?page_id=1722"},"modified":"2023-10-28T12:40:13","modified_gmt":"2023-10-28T15:40:13","slug":"clinica-medica-e-cirurgica-de-animais-silvestres-e-exoticos","status":"publish","type":"page","link":"https:\/\/unifio.edu.br\/unifiohv\/clinica-medica-e-cirurgica-de-animais-silvestres-e-exoticos\/","title":{"rendered":"Cl\u00ednica M\u00e9dica e Cir\u00fargica de Animais Silvestres e Ex\u00f3ticos"},"content":{"rendered":"\t\t<div data-elementor-type=\"wp-page\" data-elementor-id=\"1722\" class=\"elementor elementor-1722\">\n\t\t\t\t\t\t<section class=\"elementor-section elementor-top-section elementor-element elementor-element-dc14957 elementor-section-boxed elementor-section-height-default elementor-section-height-default\" data-id=\"dc14957\" data-element_type=\"section\">\n\t\t\t\t\t\t<div class=\"elementor-container elementor-column-gap-default\">\n\t\t\t\t\t<div class=\"elementor-column elementor-col-100 elementor-top-column elementor-element elementor-element-1e04231\" data-id=\"1e04231\" data-element_type=\"column\">\n\t\t\t<div class=\"elementor-widget-wrap elementor-element-populated\">\n\t\t\t\t\t\t<div class=\"elementor-element elementor-element-827dade elementor-widget elementor-widget-text-editor\" data-id=\"827dade\" data-element_type=\"widget\" data-widget_type=\"text-editor.default\">\n\t\t\t\t<div class=\"elementor-widget-container\">\n\t\t\t\t\t\t\t\t\t<p>O servi\u00e7o de Cl\u00ednica M\u00e9dica e Cir\u00fargica de Animais Silvestres e Ex\u00f3ticos atende animais como:<\/p><p style=\"padding-left: 80px;\">&#8211; Aves (passariformes, psitaciformes, pisciformes entre outros);<\/p><p style=\"padding-left: 80px;\">&#8211; Squamatas (serpente e lagartos);<\/p><p style=\"padding-left: 80px;\">&#8211; Testudines (c\u00e1gados e jabutis);<\/p><p style=\"padding-left: 80px;\">&#8211; Roedores e lagomorfos (ratos, coelhos, chinchilas e entre outros);<\/p><p style=\"padding-left: 80px;\">&#8211; Mam\u00edferos;<\/p><p>No setor de Cl\u00ednica M\u00e9dica, s\u00e3o realizados a triagem dos animais, mediante a anamnese e exame f\u00edsico, al\u00e9m de coleta de materiais como amostras sangu\u00edneas, fezes, urina.<\/p><p>No servi\u00e7o de cl\u00ednica cir\u00fargica, oferece uma variedade de procedimentos cir\u00fargicos eletivos e emergenciais, sob anestesia. Incluem nesses procedimentos cirurgias de tecidos moles, de cavidade abdominal e tor\u00e1cica, cirurgias oncol\u00f3gicas e reconstrutivas.<\/p>\t\t\t\t\t\t\t\t<\/div>\n\t\t\t\t<\/div>\n\t\t\t\t\t<\/div>\n\t\t<\/div>\n\t\t\t\t\t<\/div>\n\t\t<\/section>\n\t\t\t\t<section class=\"elementor-section elementor-top-section elementor-element elementor-element-2c7bfd8 elementor-section-boxed elementor-section-height-default elementor-section-height-default\" data-id=\"2c7bfd8\" data-element_type=\"section\">\n\t\t\t\t\t\t<div class=\"elementor-container elementor-column-gap-default\">\n\t\t\t\t\t<div class=\"elementor-column elementor-col-100 elementor-top-column elementor-element elementor-element-286ead4\" data-id=\"286ead4\" data-element_type=\"column\">\n\t\t\t<div class=\"elementor-widget-wrap elementor-element-populated\">\n\t\t\t\t\t\t<div class=\"elementor-element elementor-element-bfbe750 elementor-widget elementor-widget-spacer\" data-id=\"bfbe750\" data-element_type=\"widget\" data-widget_type=\"spacer.default\">\n\t\t\t\t<div class=\"elementor-widget-container\">\n\t\t\t\t\t\t\t<div class=\"elementor-spacer\">\n\t\t\t<div class=\"elementor-spacer-inner\"><\/div>\n\t\t<\/div>\n\t\t\t\t\t\t<\/div>\n\t\t\t\t<\/div>\n\t\t\t\t\t<\/div>\n\t\t<\/div>\n\t\t\t\t\t<\/div>\n\t\t<\/section>\n\t\t\t\t<section class=\"elementor-section elementor-top-section elementor-element elementor-element-8d664b4 elementor-section-boxed elementor-section-height-default elementor-section-height-default\" data-id=\"8d664b4\" data-element_type=\"section\">\n\t\t\t\t\t\t<div class=\"elementor-container elementor-column-gap-default\">\n\t\t\t\t\t<div class=\"elementor-column elementor-col-100 elementor-top-column elementor-element elementor-element-d4e4ffd\" data-id=\"d4e4ffd\" data-element_type=\"column\">\n\t\t\t<div class=\"elementor-widget-wrap elementor-element-populated\">\n\t\t\t\t\t\t<div class=\"elementor-element elementor-element-e83390e elementor-widget elementor-widget-heading\" data-id=\"e83390e\" data-element_type=\"widget\" data-widget_type=\"heading.default\">\n\t\t\t\t<div class=\"elementor-widget-container\">\n\t\t\t\t\t<h2 class=\"elementor-heading-title elementor-size-default\">Equipe<\/h2>\t\t\t\t<\/div>\n\t\t\t\t<\/div>\n\t\t\t\t\t<\/div>\n\t\t<\/div>\n\t\t\t\t\t<\/div>\n\t\t<\/section>\n\t\t\t\t<section class=\"elementor-section elementor-top-section elementor-element elementor-element-887dd16 elementor-section-boxed elementor-section-height-default elementor-section-height-default\" data-id=\"887dd16\" data-element_type=\"section\">\n\t\t\t\t\t\t<div class=\"elementor-container elementor-column-gap-default\">\n\t\t\t\t\t<div class=\"elementor-column elementor-col-100 elementor-top-column elementor-element elementor-element-58f448a\" data-id=\"58f448a\" data-element_type=\"column\">\n\t\t\t<div class=\"elementor-widget-wrap elementor-element-populated\">\n\t\t\t\t\t\t<div class=\"elementor-element elementor-element-87edf40 elementor-widget elementor-widget-text-editor\" data-id=\"87edf40\" data-element_type=\"widget\" data-widget_type=\"text-editor.default\">\n\t\t\t\t<div class=\"elementor-widget-container\">\n\t\t\t\t\t\t\t\t\t<p style=\"padding-left: 40px;\"><em><span style=\"color: #002d7c;\">Profa. Me. Su\u00e9lem Lavorato de Oliveira<\/span><\/em><\/p>\t\t\t\t\t\t\t\t<\/div>\n\t\t\t\t<\/div>\n\t\t\t\t\t<\/div>\n\t\t<\/div>\n\t\t\t\t\t<\/div>\n\t\t<\/section>\n\t\t\t\t<section class=\"elementor-section elementor-top-section elementor-element elementor-element-e359839 elementor-section-boxed elementor-section-height-default elementor-section-height-default\" data-id=\"e359839\" data-element_type=\"section\">\n\t\t\t\t\t\t<div class=\"elementor-container elementor-column-gap-default\">\n\t\t\t\t\t<div class=\"elementor-column elementor-col-100 elementor-top-column elementor-element elementor-element-6870a0f\" data-id=\"6870a0f\" data-element_type=\"column\">\n\t\t\t<div class=\"elementor-widget-wrap elementor-element-populated\">\n\t\t\t\t\t\t<div class=\"elementor-element elementor-element-625d563 elementor-widget elementor-widget-spacer\" data-id=\"625d563\" data-element_type=\"widget\" data-widget_type=\"spacer.default\">\n\t\t\t\t<div class=\"elementor-widget-container\">\n\t\t\t\t\t\t\t<div class=\"elementor-spacer\">\n\t\t\t<div class=\"elementor-spacer-inner\"><\/div>\n\t\t<\/div>\n\t\t\t\t\t\t<\/div>\n\t\t\t\t<\/div>\n\t\t\t\t\t<\/div>\n\t\t<\/div>\n\t\t\t\t\t<\/div>\n\t\t<\/section>\n\t\t\t\t<section class=\"elementor-section elementor-top-section elementor-element elementor-element-bed052c elementor-section-boxed elementor-section-height-default elementor-section-height-default\" data-id=\"bed052c\" data-element_type=\"section\">\n\t\t\t\t\t\t<div class=\"elementor-container elementor-column-gap-default\">\n\t\t\t\t\t<div class=\"elementor-column elementor-col-33 elementor-top-column elementor-element elementor-element-38ac63c\" data-id=\"38ac63c\" data-element_type=\"column\">\n\t\t\t<div class=\"elementor-widget-wrap elementor-element-populated\">\n\t\t\t\t\t\t<div class=\"elementor-element elementor-element-6dd231f elementor-widget elementor-widget-image\" data-id=\"6dd231f\" data-element_type=\"widget\" data-widget_type=\"image.default\">\n\t\t\t\t<div class=\"elementor-widget-container\">\n\t\t\t\t\t\t\t\t\t\t\t\t\t\t\t<img decoding=\"async\" src=\"https:\/\/unifio.edu.br\/unifiohv\/wp-content\/uploads\/2023\/10\/Imagem-do-WhatsApp-de-2023-10-23-as-13.32.11_30882394.jpg\" title=\"Imagem do WhatsApp de 2023-10-23 \u00e0(s) 13.32.11_30882394\" alt=\"Imagem do WhatsApp de 2023-10-23 \u00e0(s) 13.32.11_30882394\" loading=\"lazy\" \/>\t\t\t\t\t\t\t\t\t\t\t\t\t\t\t<\/div>\n\t\t\t\t<\/div>\n\t\t\t\t\t<\/div>\n\t\t<\/div>\n\t\t\t\t<div class=\"elementor-column elementor-col-33 elementor-top-column elementor-element elementor-element-4c88839\" data-id=\"4c88839\" data-element_type=\"column\">\n\t\t\t<div class=\"elementor-widget-wrap elementor-element-populated\">\n\t\t\t\t\t\t<div class=\"elementor-element elementor-element-c5b4d3f elementor-widget elementor-widget-image\" data-id=\"c5b4d3f\" data-element_type=\"widget\" data-widget_type=\"image.default\">\n\t\t\t\t<div class=\"elementor-widget-container\">\n\t\t\t\t\t\t\t\t\t\t\t\t\t\t\t<img fetchpriority=\"high\" decoding=\"async\" width=\"768\" height=\"1024\" src=\"https:\/\/unifio.edu.br\/unifiohv\/wp-content\/uploads\/2023\/10\/Imagem-do-WhatsApp-de-2023-10-23-as-13.32.11_d740b2ec.jpg\" class=\"attachment-large size-large wp-image-2617\" alt=\"\" srcset=\"https:\/\/unifio.edu.br\/unifiohv\/wp-content\/uploads\/2023\/10\/Imagem-do-WhatsApp-de-2023-10-23-as-13.32.11_d740b2ec.jpg 768w, https:\/\/unifio.edu.br\/unifiohv\/wp-content\/uploads\/2023\/10\/Imagem-do-WhatsApp-de-2023-10-23-as-13.32.11_d740b2ec-225x300.jpg 225w\" sizes=\"(max-width: 768px) 100vw, 768px\" \/>\t\t\t\t\t\t\t\t\t\t\t\t\t\t\t<\/div>\n\t\t\t\t<\/div>\n\t\t\t\t\t<\/div>\n\t\t<\/div>\n\t\t\t\t<div class=\"elementor-column elementor-col-33 elementor-top-column elementor-element elementor-element-0ad4231\" data-id=\"0ad4231\" data-element_type=\"column\">\n\t\t\t<div class=\"elementor-widget-wrap elementor-element-populated\">\n\t\t\t\t\t\t<div class=\"elementor-element elementor-element-027e871 elementor-widget elementor-widget-image\" data-id=\"027e871\" data-element_type=\"widget\" data-widget_type=\"image.default\">\n\t\t\t\t<div class=\"elementor-widget-container\">\n\t\t\t\t\t\t\t\t\t\t\t\t\t\t\t<img decoding=\"async\" width=\"768\" height=\"1024\" src=\"https:\/\/unifio.edu.br\/unifiohv\/wp-content\/uploads\/2023\/10\/Imagem-do-WhatsApp-de-2023-10-23-as-13.32.12_3f111175-768x1024.jpg\" class=\"attachment-large size-large wp-image-2619\" alt=\"\" srcset=\"https:\/\/unifio.edu.br\/unifiohv\/wp-content\/uploads\/2023\/10\/Imagem-do-WhatsApp-de-2023-10-23-as-13.32.12_3f111175-768x1024.jpg 768w, https:\/\/unifio.edu.br\/unifiohv\/wp-content\/uploads\/2023\/10\/Imagem-do-WhatsApp-de-2023-10-23-as-13.32.12_3f111175-225x300.jpg 225w, https:\/\/unifio.edu.br\/unifiohv\/wp-content\/uploads\/2023\/10\/Imagem-do-WhatsApp-de-2023-10-23-as-13.32.12_3f111175-1152x1536.jpg 1152w, https:\/\/unifio.edu.br\/unifiohv\/wp-content\/uploads\/2023\/10\/Imagem-do-WhatsApp-de-2023-10-23-as-13.32.12_3f111175.jpg 1200w\" sizes=\"(max-width: 768px) 100vw, 768px\" \/>\t\t\t\t\t\t\t\t\t\t\t\t\t\t\t<\/div>\n\t\t\t\t<\/div>\n\t\t\t\t\t<\/div>\n\t\t<\/div>\n\t\t\t\t\t<\/div>\n\t\t<\/section>\n\t\t\t\t<section class=\"elementor-section elementor-top-section elementor-element elementor-element-bfebe3c elementor-section-boxed elementor-section-height-default elementor-section-height-default\" data-id=\"bfebe3c\" data-element_type=\"section\">\n\t\t\t\t\t\t<div class=\"elementor-container elementor-column-gap-default\">\n\t\t\t\t\t<div class=\"elementor-column elementor-col-100 elementor-top-column elementor-element elementor-element-ced0d55\" data-id=\"ced0d55\" data-element_type=\"column\">\n\t\t\t<div class=\"elementor-widget-wrap elementor-element-populated\">\n\t\t\t\t\t\t<div class=\"elementor-element elementor-element-2711fbf elementor-widget elementor-widget-spacer\" data-id=\"2711fbf\" data-element_type=\"widget\" data-widget_type=\"spacer.default\">\n\t\t\t\t<div class=\"elementor-widget-container\">\n\t\t\t\t\t\t\t<div class=\"elementor-spacer\">\n\t\t\t<div class=\"elementor-spacer-inner\"><\/div>\n\t\t<\/div>\n\t\t\t\t\t\t<\/div>\n\t\t\t\t<\/div>\n\t\t\t\t\t<\/div>\n\t\t<\/div>\n\t\t\t\t\t<\/div>\n\t\t<\/section>\n\t\t\t\t<section class=\"elementor-section elementor-top-section elementor-element elementor-element-31c20f6 elementor-section-boxed elementor-section-height-default elementor-section-height-default\" data-id=\"31c20f6\" data-element_type=\"section\">\n\t\t\t\t\t\t<div class=\"elementor-container elementor-column-gap-default\">\n\t\t\t\t\t<div class=\"elementor-column elementor-col-33 elementor-top-column elementor-element elementor-element-67f6bd5\" data-id=\"67f6bd5\" data-element_type=\"column\">\n\t\t\t<div class=\"elementor-widget-wrap elementor-element-populated\">\n\t\t\t\t\t\t<div class=\"elementor-element elementor-element-af1e95b elementor-widget elementor-widget-image\" data-id=\"af1e95b\" data-element_type=\"widget\" data-widget_type=\"image.default\">\n\t\t\t\t<div class=\"elementor-widget-container\">\n\t\t\t\t\t\t\t\t\t\t\t\t\t\t\t<img decoding=\"async\" width=\"768\" height=\"1024\" src=\"https:\/\/unifio.edu.br\/unifiohv\/wp-content\/uploads\/2023\/10\/Imagem-do-WhatsApp-de-2023-10-23-as-13.32.12_615b127b-768x1024.jpg\" class=\"attachment-large size-large wp-image-2620\" alt=\"\" srcset=\"https:\/\/unifio.edu.br\/unifiohv\/wp-content\/uploads\/2023\/10\/Imagem-do-WhatsApp-de-2023-10-23-as-13.32.12_615b127b-768x1024.jpg 768w, https:\/\/unifio.edu.br\/unifiohv\/wp-content\/uploads\/2023\/10\/Imagem-do-WhatsApp-de-2023-10-23-as-13.32.12_615b127b-225x300.jpg 225w, https:\/\/unifio.edu.br\/unifiohv\/wp-content\/uploads\/2023\/10\/Imagem-do-WhatsApp-de-2023-10-23-as-13.32.12_615b127b-1152x1536.jpg 1152w, https:\/\/unifio.edu.br\/unifiohv\/wp-content\/uploads\/2023\/10\/Imagem-do-WhatsApp-de-2023-10-23-as-13.32.12_615b127b.jpg 1200w\" sizes=\"(max-width: 768px) 100vw, 768px\" \/>\t\t\t\t\t\t\t\t\t\t\t\t\t\t\t<\/div>\n\t\t\t\t<\/div>\n\t\t\t\t\t<\/div>\n\t\t<\/div>\n\t\t\t\t<div class=\"elementor-column elementor-col-33 elementor-top-column elementor-element elementor-element-10e8dce\" data-id=\"10e8dce\" data-element_type=\"column\">\n\t\t\t<div class=\"elementor-widget-wrap elementor-element-populated\">\n\t\t\t\t\t\t<div class=\"elementor-element elementor-element-97aa075 elementor-widget elementor-widget-image\" data-id=\"97aa075\" data-element_type=\"widget\" data-widget_type=\"image.default\">\n\t\t\t\t<div class=\"elementor-widget-container\">\n\t\t\t\t\t\t\t\t\t\t\t\t\t\t\t<img loading=\"lazy\" decoding=\"async\" width=\"768\" height=\"1024\" src=\"https:\/\/unifio.edu.br\/unifiohv\/wp-content\/uploads\/2023\/10\/Imagem-do-WhatsApp-de-2023-10-23-as-13.32.11_b44774fd-768x1024.jpg\" class=\"attachment-large size-large wp-image-2616\" alt=\"\" srcset=\"https:\/\/unifio.edu.br\/unifiohv\/wp-content\/uploads\/2023\/10\/Imagem-do-WhatsApp-de-2023-10-23-as-13.32.11_b44774fd-768x1024.jpg 768w, https:\/\/unifio.edu.br\/unifiohv\/wp-content\/uploads\/2023\/10\/Imagem-do-WhatsApp-de-2023-10-23-as-13.32.11_b44774fd-225x300.jpg 225w, https:\/\/unifio.edu.br\/unifiohv\/wp-content\/uploads\/2023\/10\/Imagem-do-WhatsApp-de-2023-10-23-as-13.32.11_b44774fd.jpg 780w\" sizes=\"(max-width: 768px) 100vw, 768px\" \/>\t\t\t\t\t\t\t\t\t\t\t\t\t\t\t<\/div>\n\t\t\t\t<\/div>\n\t\t\t\t\t<\/div>\n\t\t<\/div>\n\t\t\t\t<div class=\"elementor-column elementor-col-33 elementor-top-column elementor-element elementor-element-d86fe07\" data-id=\"d86fe07\" data-element_type=\"column\">\n\t\t\t<div class=\"elementor-widget-wrap elementor-element-populated\">\n\t\t\t\t\t\t<div class=\"elementor-element elementor-element-a1a3a1e elementor-widget elementor-widget-image\" data-id=\"a1a3a1e\" data-element_type=\"widget\" data-widget_type=\"image.default\">\n\t\t\t\t<div class=\"elementor-widget-container\">\n\t\t\t\t\t\t\t\t\t\t\t\t\t\t\t<img loading=\"lazy\" decoding=\"async\" width=\"768\" height=\"1024\" src=\"https:\/\/unifio.edu.br\/unifiohv\/wp-content\/uploads\/2023\/10\/Imagem-do-WhatsApp-de-2023-10-23-as-13.32.11_f8d03589-768x1024.jpg\" class=\"attachment-large size-large wp-image-2618\" alt=\"\" srcset=\"https:\/\/unifio.edu.br\/unifiohv\/wp-content\/uploads\/2023\/10\/Imagem-do-WhatsApp-de-2023-10-23-as-13.32.11_f8d03589-768x1024.jpg 768w, https:\/\/unifio.edu.br\/unifiohv\/wp-content\/uploads\/2023\/10\/Imagem-do-WhatsApp-de-2023-10-23-as-13.32.11_f8d03589-225x300.jpg 225w, https:\/\/unifio.edu.br\/unifiohv\/wp-content\/uploads\/2023\/10\/Imagem-do-WhatsApp-de-2023-10-23-as-13.32.11_f8d03589-1152x1536.jpg 1152w, https:\/\/unifio.edu.br\/unifiohv\/wp-content\/uploads\/2023\/10\/Imagem-do-WhatsApp-de-2023-10-23-as-13.32.11_f8d03589.jpg 1200w\" sizes=\"(max-width: 768px) 100vw, 768px\" \/>\t\t\t\t\t\t\t\t\t\t\t\t\t\t\t<\/div>\n\t\t\t\t<\/div>\n\t\t\t\t\t<\/div>\n\t\t<\/div>\n\t\t\t\t\t<\/div>\n\t\t<\/section>\n\t\t\t\t<\/div>\n\t\t","protected":false},"excerpt":{"rendered":"<p>O servi\u00e7o de Cl\u00ednica M\u00e9dica e Cir\u00fargica de Animais Silvestres e Ex\u00f3ticos atende animais como: &#8211; Aves (passariformes, psitaciformes, pisciformes entre outros); &#8211; Squamatas (serpente e lagartos); &#8211; Testudines (c\u00e1gados e jabutis); &#8211; Roedores e lagomorfos (ratos, coelhos, chinchilas e entre outros); &#8211; Mam\u00edferos; No setor de Cl\u00ednica M\u00e9dica, s\u00e3o realizados a triagem dos animais, [&hellip;]<\/p>\n","protected":false},"author":2,"featured_media":0,"parent":0,"menu_order":0,"comment_status":"closed","ping_status":"closed","template":"","meta":{"footnotes":""},"_links":{"self":[{"href":"https:\/\/unifio.edu.br\/unifiohv\/wp-json\/wp\/v2\/pages\/1722"}],"collection":[{"href":"https:\/\/unifio.edu.br\/unifiohv\/wp-json\/wp\/v2\/pages"}],"about":[{"href":"https:\/\/unifio.edu.br\/unifiohv\/wp-json\/wp\/v2\/types\/page"}],"author":[{"embeddable":true,"href":"https:\/\/unifio.edu.br\/unifiohv\/wp-json\/wp\/v2\/users\/2"}],"replies":[{"embeddable":true,"href":"https:\/\/unifio.edu.br\/unifiohv\/wp-json\/wp\/v2\/comments?post=1722"}],"version-history":[{"count":25,"href":"https:\/\/unifio.edu.br\/unifiohv\/wp-json\/wp\/v2\/pages\/1722\/revisions"}],"predecessor-version":[{"id":2737,"href":"https:\/\/unifio.edu.br\/unifiohv\/wp-json\/wp\/v2\/pages\/1722\/revisions\/2737"}],"wp:attachment":[{"href":"https:\/\/unifio.edu.br\/unifiohv\/wp-json\/wp\/v2\/media?parent=1722"}],"curies":[{"name":"wp","href":"https:\/\/api.w.org\/{rel}","templated":true}]}}