{"id":2628,"date":"2023-10-23T14:48:29","date_gmt":"2023-10-23T17:48:29","guid":{"rendered":"https:\/\/unifio.edu.br\/unifiohv\/?page_id=2628"},"modified":"2023-10-28T13:06:53","modified_gmt":"2023-10-28T16:06:53","slug":"estagio","status":"publish","type":"page","link":"https:\/\/unifio.edu.br\/unifiohv\/estagio\/","title":{"rendered":"EST\u00c1GIO"},"content":{"rendered":"\t\t<div data-elementor-type=\"wp-page\" data-elementor-id=\"2628\" class=\"elementor elementor-2628\">\n\t\t\t\t\t\t<section class=\"elementor-section elementor-top-section elementor-element elementor-element-56b2be8 elementor-section-boxed elementor-section-height-default elementor-section-height-default\" data-id=\"56b2be8\" data-element_type=\"section\">\n\t\t\t\t\t\t<div class=\"elementor-container elementor-column-gap-default\">\n\t\t\t\t\t<div class=\"elementor-column elementor-col-100 elementor-top-column elementor-element elementor-element-b575bed\" data-id=\"b575bed\" data-element_type=\"column\">\n\t\t\t<div class=\"elementor-widget-wrap elementor-element-populated\">\n\t\t\t\t\t\t<div class=\"elementor-element elementor-element-e4682cd elementor-widget elementor-widget-text-editor\" data-id=\"e4682cd\" data-element_type=\"widget\" data-widget_type=\"text-editor.default\">\n\t\t\t\t<div class=\"elementor-widget-container\">\n\t\t\t\t\t\t\t\t\t<p>&nbsp; &nbsp; &nbsp; &nbsp; &nbsp; Os docentes respons\u00e1veis pelos est\u00e1gios no Centro M\u00e9dico Veterin\u00e1rio e Fazenda Experimental Unifio s\u00e3o o Prof. Dr. Breno Fernando Martins de Almeida (<strong>breno.fernando@unifio.edu.br<\/strong>) e o Prof. Me. Matheus Rocha Ribeiro (<strong>matheus.ribeiro@unifio.edu.br<\/strong>), enquanto a docente respons\u00e1vel pelo Programa de Pr\u00e1ticas Hospitalares e Manejo da Fazenda Experimental \u00e9 a Profa. Ma. Suelem Lavorato de Oliveira (<strong>suelem.lavorato@unifio.edu.br<\/strong>).<br>&nbsp; &nbsp; &nbsp; &nbsp; &nbsp; O e-mail de contato para tratar de assuntos de est\u00e1gio \u00e9 <strong>estagiomedvet@unifio.edu.br<\/strong><\/p>\t\t\t\t\t\t\t\t<\/div>\n\t\t\t\t<\/div>\n\t\t\t\t\t<\/div>\n\t\t<\/div>\n\t\t\t\t\t<\/div>\n\t\t<\/section>\n\t\t\t\t<section class=\"elementor-section elementor-top-section elementor-element elementor-element-92a386d elementor-section-boxed elementor-section-height-default elementor-section-height-default\" data-id=\"92a386d\" data-element_type=\"section\">\n\t\t\t\t\t\t<div class=\"elementor-container elementor-column-gap-default\">\n\t\t\t\t\t<div class=\"elementor-column elementor-col-100 elementor-top-column elementor-element elementor-element-49f9144\" data-id=\"49f9144\" data-element_type=\"column\">\n\t\t\t<div class=\"elementor-widget-wrap elementor-element-populated\">\n\t\t\t\t\t\t<div class=\"elementor-element elementor-element-1e0ed6d elementor-widget elementor-widget-text-editor\" data-id=\"1e0ed6d\" data-element_type=\"widget\" data-widget_type=\"text-editor.default\">\n\t\t\t\t<div class=\"elementor-widget-container\">\n\t\t\t\t\t\t\t\t\t<p>_______________________________________________________________________________________________________________________________________________________________________<\/p>\t\t\t\t\t\t\t\t<\/div>\n\t\t\t\t<\/div>\n\t\t\t\t\t<\/div>\n\t\t<\/div>\n\t\t\t\t\t<\/div>\n\t\t<\/section>\n\t\t\t\t<section class=\"elementor-section elementor-top-section elementor-element elementor-element-7b2fee1 elementor-section-boxed elementor-section-height-default elementor-section-height-default\" data-id=\"7b2fee1\" data-element_type=\"section\">\n\t\t\t\t\t\t<div class=\"elementor-container elementor-column-gap-default\">\n\t\t\t\t\t<div class=\"elementor-column elementor-col-100 elementor-top-column elementor-element elementor-element-f0b036f\" data-id=\"f0b036f\" data-element_type=\"column\">\n\t\t\t<div class=\"elementor-widget-wrap elementor-element-populated\">\n\t\t\t\t\t\t<div class=\"elementor-element elementor-element-2afbf11 elementor-widget elementor-widget-heading\" data-id=\"2afbf11\" data-element_type=\"widget\" data-widget_type=\"heading.default\">\n\t\t\t\t<div class=\"elementor-widget-container\">\n\t\t\t\t\t<h2 class=\"elementor-heading-title elementor-size-default\">Est\u00e1gio Curricular Obrigat\u00f3rio<\/h2>\t\t\t\t<\/div>\n\t\t\t\t<\/div>\n\t\t\t\t\t<\/div>\n\t\t<\/div>\n\t\t\t\t\t<\/div>\n\t\t<\/section>\n\t\t\t\t<section class=\"elementor-section elementor-top-section elementor-element elementor-element-85074df elementor-section-boxed elementor-section-height-default elementor-section-height-default\" data-id=\"85074df\" data-element_type=\"section\">\n\t\t\t\t\t\t<div class=\"elementor-container elementor-column-gap-default\">\n\t\t\t\t\t<div class=\"elementor-column elementor-col-100 elementor-top-column elementor-element elementor-element-d4266a9\" data-id=\"d4266a9\" data-element_type=\"column\">\n\t\t\t<div class=\"elementor-widget-wrap elementor-element-populated\">\n\t\t\t\t\t\t<div class=\"elementor-element elementor-element-04beedc elementor-widget elementor-widget-text-editor\" data-id=\"04beedc\" data-element_type=\"widget\" data-widget_type=\"text-editor.default\">\n\t\t\t\t<div class=\"elementor-widget-container\">\n\t\t\t\t\t\t\t\t\t<div>\u00a0 \u00a0 \u00a0 \u00a0 \u00a0 Para solicitar est\u00e1gio curricular (aquele que faz parte da grade do curso), o pr\u00f3prio aluno pode encaminhar por e-mail (estagiomedvet@unifio.edu.br) os seguintes dados e anexos:<\/div><div>&#8211; Nome completo;<\/div><div>&#8211; Institui\u00e7\u00e3o de origem;<\/div><div>&#8211; Hist\u00f3rico escolar de gradua\u00e7\u00e3o atualizado;<\/div><div>&#8211; \u00c1rea do est\u00e1gio;<\/div><div>&#8211; Per\u00edodo de est\u00e1gio (dia\/m\u00eas\/ano de in\u00edcio e fim);<\/div><div>\u00a0<\/div><div>\u00a0 \u00a0 \u00a0 \u00a0 \u00a0 Oferecemos est\u00e1gio nas seguintes \u00e1reas:\u00a0<\/div><div>&#8211; Cl\u00ednica m\u00e9dica de pequenos animais;\u00a0<\/div><div>&#8211; Cl\u00ednica cir\u00fargica de pequenos animais;\u00a0<\/div><div>&#8211; Anestesiologia veterin\u00e1ria;\u00a0<\/div><div>&#8211; Laborat\u00f3rio Diagn\u00f3stico (patologia cl\u00ednica, microbiologia, parasitologia e biologia molecular veterin\u00e1rias);\u00a0<\/div><div>&#8211; Patologia e citopatologia veterin\u00e1rias;\u00a0<\/div><div>&#8211; Diagn\u00f3stico por imagem veterin\u00e1rio;\u00a0<\/div><div>&#8211; Cl\u00ednicas m\u00e9dica e cir\u00fargica, reprodu\u00e7\u00e3o e manejo de grandes animais;<\/div><div>&#8211; Zootecnia (Fazenda experimental: \u00e1reas de bovinocultura, caprinocultura, ovinocultura, avicultura, suinocultura e psicultura).<\/div><div>\u00a0<\/div><div>\u00a0 \u00a0 \u00a0 \u00a0 \u00a0 O aluno pode estagiar em mais de uma \u00e1rea, s\u00f3 encaminhar as datas separadamente.\u00a0<\/div><div>\u00a0<\/div><div>\u00a0 \u00a0 \u00a0 \u00a0 \u00a0 Para o est\u00e1gio \u00e9 necess\u00e1ria vacina\u00e7\u00e3o recente (\u00faltimos 3 meses antes do in\u00edcio de est\u00e1gio) ou sorologia atualizada (com no m\u00e1ximo 6 meses antes do in\u00edcio de est\u00e1gio) para raiva. \u00c9 obrigat\u00f3ria a utiliza\u00e7\u00e3o de roupa branca nas depend\u00eancias do Hospital Veterin\u00e1rio, macac\u00e3o ou pijama cir\u00fargico de acordo com a \u00e1rea de est\u00e1gio. Posteriormente os alunos ser\u00e3o avisados por e-mail quanto \u00e0 vestimenta e demais documenta\u00e7\u00e3o obrigat\u00f3ria.<\/div><div>\u00a0 \u00a0 \u00a0 \u00a0 \u00a0 Assim que o aluno enviar e-mail com os dados, o mesmo \u00e9 encaminhado ao professor da \u00e1rea que emitir\u00e1 parecer quanto ao aceite de est\u00e1gio, num prazo m\u00e1ximo de 21 dias.<\/div><div>\u00a0 \u00a0 \u00a0 \u00a0 \u00a0 Em seguida, o e-mail \u00e9 respondido informando quem ser\u00e1 o supervisor de campo e a documenta\u00e7\u00e3o necess\u00e1ria, se o est\u00e1gio for aceito.<\/div>\t\t\t\t\t\t\t\t<\/div>\n\t\t\t\t<\/div>\n\t\t\t\t\t<\/div>\n\t\t<\/div>\n\t\t\t\t\t<\/div>\n\t\t<\/section>\n\t\t\t\t<section class=\"elementor-section elementor-top-section elementor-element elementor-element-8003232 elementor-section-boxed elementor-section-height-default elementor-section-height-default\" data-id=\"8003232\" data-element_type=\"section\">\n\t\t\t\t\t\t<div class=\"elementor-container elementor-column-gap-default\">\n\t\t\t\t\t<div class=\"elementor-column elementor-col-100 elementor-top-column elementor-element elementor-element-c6e1ac4\" data-id=\"c6e1ac4\" data-element_type=\"column\">\n\t\t\t<div class=\"elementor-widget-wrap elementor-element-populated\">\n\t\t\t\t\t\t<div class=\"elementor-element elementor-element-0c4c2d7 elementor-widget elementor-widget-text-editor\" data-id=\"0c4c2d7\" data-element_type=\"widget\" data-widget_type=\"text-editor.default\">\n\t\t\t\t<div class=\"elementor-widget-container\">\n\t\t\t\t\t\t\t\t\t<p>_______________________________________________________________________________________________________________________________________________________________________<\/p>\t\t\t\t\t\t\t\t<\/div>\n\t\t\t\t<\/div>\n\t\t\t\t\t<\/div>\n\t\t<\/div>\n\t\t\t\t\t<\/div>\n\t\t<\/section>\n\t\t\t\t<section class=\"elementor-section elementor-top-section elementor-element elementor-element-812f183 elementor-section-boxed elementor-section-height-default elementor-section-height-default\" data-id=\"812f183\" data-element_type=\"section\">\n\t\t\t\t\t\t<div class=\"elementor-container elementor-column-gap-default\">\n\t\t\t\t\t<div class=\"elementor-column elementor-col-100 elementor-top-column elementor-element elementor-element-ed5b34c\" data-id=\"ed5b34c\" data-element_type=\"column\">\n\t\t\t<div class=\"elementor-widget-wrap elementor-element-populated\">\n\t\t\t\t\t\t<div class=\"elementor-element elementor-element-9650c71 elementor-widget elementor-widget-heading\" data-id=\"9650c71\" data-element_type=\"widget\" data-widget_type=\"heading.default\">\n\t\t\t\t<div class=\"elementor-widget-container\">\n\t\t\t\t\t<h2 class=\"elementor-heading-title elementor-size-default\">Programa de Pr\u00e1ticas Hospitalares e Manejo da Fazenda Experimental<\/h2>\t\t\t\t<\/div>\n\t\t\t\t<\/div>\n\t\t\t\t\t<\/div>\n\t\t<\/div>\n\t\t\t\t\t<\/div>\n\t\t<\/section>\n\t\t\t\t<section class=\"elementor-section elementor-top-section elementor-element elementor-element-26113f8 elementor-section-boxed elementor-section-height-default elementor-section-height-default\" data-id=\"26113f8\" data-element_type=\"section\">\n\t\t\t\t\t\t<div class=\"elementor-container elementor-column-gap-default\">\n\t\t\t\t\t<div class=\"elementor-column elementor-col-100 elementor-top-column elementor-element elementor-element-f429f48\" data-id=\"f429f48\" data-element_type=\"column\">\n\t\t\t<div class=\"elementor-widget-wrap elementor-element-populated\">\n\t\t\t\t\t\t<div class=\"elementor-element elementor-element-ab2d125 elementor-widget elementor-widget-text-editor\" data-id=\"ab2d125\" data-element_type=\"widget\" data-widget_type=\"text-editor.default\">\n\t\t\t\t<div class=\"elementor-widget-container\">\n\t\t\t\t\t\t\t\t\t<div>\u00a0 \u00a0 \u00a0 \u00a0 \u00a0 O Programa de Pr\u00e1ticas Hospitalares e Manejo da Fazenda Experimental possui como p\u00fablico-alvo alunos regularmente matriculados do 1\u00b0 ao 10\u00b0 semestres do curso de Medicina Veterin\u00e1ria do Centro Universit\u00e1rio de Ourinhos e discentes de Medicina Veterin\u00e1ria pertencentes a outras institui\u00e7\u00f5es de ensino superior, desde que possuam disponibilidade de hor\u00e1rio para desenvolvimento das atividades.<\/div><div>\u00a0 \u00a0 \u00a0 \u00a0 \u00a0 O respectivo programa possui como objetivos introduzir os alunos \u00e0s pr\u00e1ticas hospitalares e manejo de fazenda, proporcionando aprendizado e experi\u00eancia pr\u00e1tica aos alunos do curso de medicina veterin\u00e1ria, desenvolvendo habilidades e compet\u00eancias voltadas \u00e0 profiss\u00e3o.\u00a0<\/div><div>\u00a0 \u00a0 \u00a0 \u00a0 \u00a0 \u00c9 atualmente ofertado nas seguintes \u00e1reas:<\/div><div>1- Cl\u00ednicas, Reprodu\u00e7\u00e3o e Manejo de Grandes Animais<\/div><div>Respons\u00e1veis:<\/div><div>Prof. Me. Allison Maldonado<\/div><div>Prof. Me. Lucas Emanuel Ferreira Canuto<\/div><div>Profa. Me. Adrielle Levatti<\/div><div>\u00a0<\/div><div>2- Cl\u00ednica e Cirurgia de Animais Silvestres<\/div><div>Respons\u00e1vel:<\/div><div>Profa. Me. Su\u00e9lem Lavorato de Oliveira\u00a0<\/div><div>\u00a0<\/div><div>3- Laborat\u00f3rio Cl\u00ednico Veterin\u00e1rio<\/div><div>Respons\u00e1vel:<\/div><div>Prof. Dr. Breno Fernando Martins de Almeida<\/div><div>\u00a0<\/div><div>4- Patologia e Citopatologia Veterin\u00e1ria<\/div><div>Respons\u00e1veis:<\/div><div>Prof. Me. Freddi Bardela de Souza<\/div><div>Profa. Esp. Giovana Gati de Souza<\/div><div>\u00a0<\/div><div>5- Anestesiologia veterin\u00e1ria<\/div><div>Respons\u00e1vel:<\/div><div>Prof. Me. Matheus Rocha Ribeieo<\/div><div>\u00a0<\/div><div>6- Cl\u00ednica m\u00e9dica de pequenos animais<\/div><div>Respons\u00e1veis:<\/div><div>Prof. Me. Vin\u00edcius Aquiles Gomes Zamboni<\/div><div>Prof. Dr. Marcel Gambin Marques<\/div><div>Prof. Esp. Andr\u00e9 Antunes Salla Rosa<\/div><div>\u00a0<\/div><div>7- Cl\u00ednica cir\u00fargica de pequenos animais<\/div><div>Respons\u00e1veis:<\/div><div>Prof. Dr. Marcos C\u00e9zar Sant\u2019Anna<\/div><div>Profa. Me. Su\u00e9lem Lavorato de Oliveira\u00a0<\/div><div>\u00a0<\/div><div>8- Diagn\u00f3stico por imagem<\/div><div>Respons\u00e1vel:<\/div><div>Prof. Dr. Marcos C\u00e9zar Sant\u2019Anna\u00a0<\/div><div>\u00a0<\/div><div>9- Zootecnia (ovinocultura, caprinocultura, bovinocultura, avicultura, suinocultura e psicultura)<\/div><div>Respons\u00e1vel:\u00a0<\/div><div>Prof. Dr. Felipe Pinheiro de Souza<\/div><div>\u00a0<\/div><div>\u00a0 \u00a0 \u00a0 \u00a0 \u00a0 Para inscri\u00e7\u00e3o, os discentes devem ficar atentos \u00e0s divulga\u00e7\u00f5es dos editais institucionais para esse fim, iniciando as atividades normalmente no in\u00edcio de cada semestre letivo.<\/div>\t\t\t\t\t\t\t\t<\/div>\n\t\t\t\t<\/div>\n\t\t\t\t\t<\/div>\n\t\t<\/div>\n\t\t\t\t\t<\/div>\n\t\t<\/section>\n\t\t\t\t<\/div>\n\t\t","protected":false},"excerpt":{"rendered":"<p>&nbsp; &nbsp; &nbsp; &nbsp; &nbsp; Os docentes respons\u00e1veis pelos est\u00e1gios no Centro M\u00e9dico Veterin\u00e1rio e Fazenda Experimental Unifio s\u00e3o o Prof. Dr. Breno Fernando Martins de Almeida (breno.fernando@unifio.edu.br) e o Prof. Me. Matheus Rocha Ribeiro (matheus.ribeiro@unifio.edu.br), enquanto a docente respons\u00e1vel pelo Programa de Pr\u00e1ticas Hospitalares e Manejo da Fazenda Experimental \u00e9 a Profa. Ma. Suelem [&hellip;]<\/p>\n","protected":false},"author":1,"featured_media":0,"parent":0,"menu_order":0,"comment_status":"closed","ping_status":"closed","template":"","meta":{"footnotes":""},"_links":{"self":[{"href":"https:\/\/unifio.edu.br\/unifiohv\/wp-json\/wp\/v2\/pages\/2628"}],"collection":[{"href":"https:\/\/unifio.edu.br\/unifiohv\/wp-json\/wp\/v2\/pages"}],"about":[{"href":"https:\/\/unifio.edu.br\/unifiohv\/wp-json\/wp\/v2\/types\/page"}],"author":[{"embeddable":true,"href":"https:\/\/unifio.edu.br\/unifiohv\/wp-json\/wp\/v2\/users\/1"}],"replies":[{"embeddable":true,"href":"https:\/\/unifio.edu.br\/unifiohv\/wp-json\/wp\/v2\/comments?post=2628"}],"version-history":[{"count":7,"href":"https:\/\/unifio.edu.br\/unifiohv\/wp-json\/wp\/v2\/pages\/2628\/revisions"}],"predecessor-version":[{"id":2747,"href":"https:\/\/unifio.edu.br\/unifiohv\/wp-json\/wp\/v2\/pages\/2628\/revisions\/2747"}],"wp:attachment":[{"href":"https:\/\/unifio.edu.br\/unifiohv\/wp-json\/wp\/v2\/media?parent=2628"}],"curies":[{"name":"wp","href":"https:\/\/api.w.org\/{rel}","templated":true}]}}