{"id":697,"date":"2018-11-28T16:50:01","date_gmt":"2018-11-28T18:50:01","guid":{"rendered":"http:\/\/fio.edu.br\/fiohv\/?page_id=697"},"modified":"2023-10-28T12:39:10","modified_gmt":"2023-10-28T15:39:10","slug":"clinica-medica-de-pequenos-animais","status":"publish","type":"page","link":"https:\/\/unifio.edu.br\/unifiohv\/clinica-medica-de-pequenos-animais\/","title":{"rendered":"Cl\u00ednica M\u00e9dica de Pequenos Animais"},"content":{"rendered":"\t\t<div data-elementor-type=\"wp-page\" data-elementor-id=\"697\" class=\"elementor elementor-697\">\n\t\t\t\t\t\t<section class=\"elementor-section elementor-top-section elementor-element elementor-element-d34d7dd elementor-section-stretched elementor-section-boxed elementor-section-height-default elementor-section-height-default\" data-id=\"d34d7dd\" data-element_type=\"section\" data-settings=\"{&quot;stretch_section&quot;:&quot;section-stretched&quot;}\">\n\t\t\t\t\t\t<div class=\"elementor-container elementor-column-gap-default\">\n\t\t\t\t\t<div class=\"elementor-column elementor-col-100 elementor-top-column elementor-element elementor-element-d0a53a7\" data-id=\"d0a53a7\" data-element_type=\"column\">\n\t\t\t<div class=\"elementor-widget-wrap elementor-element-populated\">\n\t\t\t\t\t\t<div class=\"elementor-element elementor-element-4c809af elementor-widget elementor-widget-text-editor\" data-id=\"4c809af\" data-element_type=\"widget\" data-widget_type=\"text-editor.default\">\n\t\t\t\t<div class=\"elementor-widget-container\">\n\t\t\t\t\t\t\t\t\t<p>O servi\u00e7o de Cl\u00ednica M\u00e9dica de Pequenos Animais \u00e9 composto por m\u00e9dicos veterin\u00e1rios e docentes especializados, respons\u00e1veis tamb\u00e9m pela disciplina de cl\u00ednica veterin\u00e1ria. Presta atendimento a c\u00e3es e gatos da comunidade da cidade de Ourinhos e regi\u00e3o, atendidos no&nbsp;<span style=\"text-align: justify; font-weight: var( --e-global-typography-text-font-weight );\">Centro M\u00e9dico Veterin\u00e1rio<\/span><span style=\"font-weight: var( --e-global-typography-text-font-weight );\">&nbsp;ou encaminhados por outros colegas profissionais.<\/span><\/p>\n<p>O setor atende \u00e1reas de dermatologia, neurologia, cardiologia, gastroenterologia, doen\u00e7as respirat\u00f3rias, doen\u00e7as do trato urin\u00e1rio e doen\u00e7as infecciosas em geral. Realiza consultas e tratamentos ambulatoriais, al\u00e9m de procedimentos de diagn\u00f3stico e colheita de material para exames laboratoriais, como: sangue, urina, parasitol\u00f3gico de raspados de pele, citologia cut\u00e2nea, bi\u00f3psia de pele, lavado traqueal, pun\u00e7\u00e3o de medula \u00f3ssea, pun\u00e7\u00e3o de l\u00edquido cefalorraquidiano, entre outros. Al\u00e9m disso, conta com exames e interpreta\u00e7\u00f5es de eletrocardiograma e ecocardiograma.<\/p>\t\t\t\t\t\t\t\t<\/div>\n\t\t\t\t<\/div>\n\t\t\t\t\t<\/div>\n\t\t<\/div>\n\t\t\t\t\t<\/div>\n\t\t<\/section>\n\t\t\t\t<section class=\"elementor-section elementor-top-section elementor-element elementor-element-c673d7e elementor-section-stretched elementor-section-boxed elementor-section-height-default elementor-section-height-default\" data-id=\"c673d7e\" data-element_type=\"section\" data-settings=\"{&quot;stretch_section&quot;:&quot;section-stretched&quot;}\">\n\t\t\t\t\t\t<div class=\"elementor-container elementor-column-gap-default\">\n\t\t\t\t\t<div class=\"elementor-column elementor-col-100 elementor-top-column elementor-element elementor-element-85063cb\" data-id=\"85063cb\" data-element_type=\"column\">\n\t\t\t<div class=\"elementor-widget-wrap elementor-element-populated\">\n\t\t\t\t\t\t<div class=\"elementor-element elementor-element-eada66c elementor-widget elementor-widget-spacer\" data-id=\"eada66c\" data-element_type=\"widget\" data-widget_type=\"spacer.default\">\n\t\t\t\t<div class=\"elementor-widget-container\">\n\t\t\t\t\t\t\t<div class=\"elementor-spacer\">\n\t\t\t<div class=\"elementor-spacer-inner\"><\/div>\n\t\t<\/div>\n\t\t\t\t\t\t<\/div>\n\t\t\t\t<\/div>\n\t\t\t\t\t<\/div>\n\t\t<\/div>\n\t\t\t\t\t<\/div>\n\t\t<\/section>\n\t\t\t\t<section class=\"elementor-section elementor-top-section elementor-element elementor-element-b787d73 elementor-section-stretched elementor-section-boxed elementor-section-height-default elementor-section-height-default\" data-id=\"b787d73\" data-element_type=\"section\" data-settings=\"{&quot;stretch_section&quot;:&quot;section-stretched&quot;}\">\n\t\t\t\t\t\t<div class=\"elementor-container elementor-column-gap-default\">\n\t\t\t\t\t<div class=\"elementor-column elementor-col-100 elementor-top-column elementor-element elementor-element-5f92cfc\" data-id=\"5f92cfc\" data-element_type=\"column\">\n\t\t\t<div class=\"elementor-widget-wrap elementor-element-populated\">\n\t\t\t\t\t\t<div class=\"elementor-element elementor-element-019b7cf elementor-widget elementor-widget-heading\" data-id=\"019b7cf\" data-element_type=\"widget\" data-widget_type=\"heading.default\">\n\t\t\t\t<div class=\"elementor-widget-container\">\n\t\t\t\t\t<h2 class=\"elementor-heading-title elementor-size-default\">Equipe<\/h2>\t\t\t\t<\/div>\n\t\t\t\t<\/div>\n\t\t\t\t\t<\/div>\n\t\t<\/div>\n\t\t\t\t\t<\/div>\n\t\t<\/section>\n\t\t\t\t<section class=\"elementor-section elementor-top-section elementor-element elementor-element-0ada6aa elementor-section-stretched elementor-section-boxed elementor-section-height-default elementor-section-height-default\" data-id=\"0ada6aa\" data-element_type=\"section\" data-settings=\"{&quot;stretch_section&quot;:&quot;section-stretched&quot;}\">\n\t\t\t\t\t\t<div class=\"elementor-container elementor-column-gap-default\">\n\t\t\t\t\t<div class=\"elementor-column elementor-col-100 elementor-top-column elementor-element elementor-element-1bcb13a\" data-id=\"1bcb13a\" data-element_type=\"column\">\n\t\t\t<div class=\"elementor-widget-wrap elementor-element-populated\">\n\t\t\t\t\t\t<div class=\"elementor-element elementor-element-40048b5 elementor-widget elementor-widget-text-editor\" data-id=\"40048b5\" data-element_type=\"widget\" data-widget_type=\"text-editor.default\">\n\t\t\t\t<div class=\"elementor-widget-container\">\n\t\t\t\t\t\t\t\t\t<p><span style=\"color: #002d7a;\">Prof. Dr. Marcel Gambin Marques<\/span><\/p><p><span style=\"color: #002d7a;\">Prof. Me. Vinicius Aquiles Gomes Zamboni\u00a0<\/span><\/p><p><span style=\"color: #002d7a;\">Prof. Me. Andr\u00e9 Antunes Salla Rosa<\/span><\/p>\t\t\t\t\t\t\t\t<\/div>\n\t\t\t\t<\/div>\n\t\t\t\t\t<\/div>\n\t\t<\/div>\n\t\t\t\t\t<\/div>\n\t\t<\/section>\n\t\t\t\t<section class=\"elementor-section elementor-top-section elementor-element elementor-element-5a91d83 elementor-section-stretched elementor-section-boxed elementor-section-height-default elementor-section-height-default\" data-id=\"5a91d83\" data-element_type=\"section\" data-settings=\"{&quot;stretch_section&quot;:&quot;section-stretched&quot;}\">\n\t\t\t\t\t\t<div class=\"elementor-container elementor-column-gap-default\">\n\t\t\t\t\t<div class=\"elementor-column elementor-col-100 elementor-top-column elementor-element elementor-element-902955e\" data-id=\"902955e\" data-element_type=\"column\">\n\t\t\t<div class=\"elementor-widget-wrap elementor-element-populated\">\n\t\t\t\t\t\t<div class=\"elementor-element elementor-element-f18e654 elementor-widget elementor-widget-spacer\" data-id=\"f18e654\" data-element_type=\"widget\" data-widget_type=\"spacer.default\">\n\t\t\t\t<div class=\"elementor-widget-container\">\n\t\t\t\t\t\t\t<div class=\"elementor-spacer\">\n\t\t\t<div class=\"elementor-spacer-inner\"><\/div>\n\t\t<\/div>\n\t\t\t\t\t\t<\/div>\n\t\t\t\t<\/div>\n\t\t\t\t\t<\/div>\n\t\t<\/div>\n\t\t\t\t\t<\/div>\n\t\t<\/section>\n\t\t\t\t<section class=\"elementor-section elementor-top-section elementor-element elementor-element-36e0aaa elementor-section-stretched elementor-section-boxed elementor-section-height-default elementor-section-height-default\" data-id=\"36e0aaa\" data-element_type=\"section\" data-settings=\"{&quot;stretch_section&quot;:&quot;section-stretched&quot;}\">\n\t\t\t\t\t\t<div class=\"elementor-container elementor-column-gap-default\">\n\t\t\t\t\t<div class=\"elementor-column elementor-col-100 elementor-top-column elementor-element elementor-element-77ffee5\" data-id=\"77ffee5\" data-element_type=\"column\">\n\t\t\t<div class=\"elementor-widget-wrap elementor-element-populated\">\n\t\t\t\t\t\t<div class=\"elementor-element elementor-element-23b5935 elementor-widget elementor-widget-image\" data-id=\"23b5935\" data-element_type=\"widget\" data-widget_type=\"image.default\">\n\t\t\t\t<div class=\"elementor-widget-container\">\n\t\t\t\t\t\t\t\t\t\t\t\t\t\t\t<img fetchpriority=\"high\" decoding=\"async\" width=\"771\" height=\"578\" src=\"https:\/\/unifio.edu.br\/unifiohv\/wp-content\/uploads\/2018\/11\/IMG_0630-1-1024x768.jpeg\" class=\"attachment-large size-large wp-image-980\" alt=\"\" srcset=\"https:\/\/unifio.edu.br\/unifiohv\/wp-content\/uploads\/2018\/11\/IMG_0630-1-1024x768.jpeg 1024w, https:\/\/unifio.edu.br\/unifiohv\/wp-content\/uploads\/2018\/11\/IMG_0630-1-300x225.jpeg 300w, https:\/\/unifio.edu.br\/unifiohv\/wp-content\/uploads\/2018\/11\/IMG_0630-1-768x576.jpeg 768w\" sizes=\"(max-width: 771px) 100vw, 771px\" \/>\t\t\t\t\t\t\t\t\t\t\t\t\t\t\t<\/div>\n\t\t\t\t<\/div>\n\t\t\t\t\t<\/div>\n\t\t<\/div>\n\t\t\t\t\t<\/div>\n\t\t<\/section>\n\t\t\t\t<section class=\"elementor-section elementor-top-section elementor-element elementor-element-9436bec elementor-section-stretched elementor-section-boxed elementor-section-height-default elementor-section-height-default\" data-id=\"9436bec\" data-element_type=\"section\" data-settings=\"{&quot;stretch_section&quot;:&quot;section-stretched&quot;}\">\n\t\t\t\t\t\t<div class=\"elementor-container elementor-column-gap-default\">\n\t\t\t\t\t<div class=\"elementor-column elementor-col-100 elementor-top-column elementor-element elementor-element-2ea1bd2\" data-id=\"2ea1bd2\" data-element_type=\"column\">\n\t\t\t<div class=\"elementor-widget-wrap elementor-element-populated\">\n\t\t\t\t\t\t<div class=\"elementor-element elementor-element-65b3295 elementor-widget elementor-widget-spacer\" data-id=\"65b3295\" data-element_type=\"widget\" data-widget_type=\"spacer.default\">\n\t\t\t\t<div class=\"elementor-widget-container\">\n\t\t\t\t\t\t\t<div class=\"elementor-spacer\">\n\t\t\t<div class=\"elementor-spacer-inner\"><\/div>\n\t\t<\/div>\n\t\t\t\t\t\t<\/div>\n\t\t\t\t<\/div>\n\t\t\t\t\t<\/div>\n\t\t<\/div>\n\t\t\t\t\t<\/div>\n\t\t<\/section>\n\t\t\t\t<section class=\"elementor-section elementor-top-section elementor-element elementor-element-d4a36fb elementor-section-stretched elementor-section-boxed elementor-section-height-default elementor-section-height-default\" data-id=\"d4a36fb\" data-element_type=\"section\" data-settings=\"{&quot;stretch_section&quot;:&quot;section-stretched&quot;}\">\n\t\t\t\t\t\t<div class=\"elementor-container elementor-column-gap-default\">\n\t\t\t\t\t<div class=\"elementor-column elementor-col-100 elementor-top-column elementor-element elementor-element-c800acb\" data-id=\"c800acb\" data-element_type=\"column\">\n\t\t\t<div class=\"elementor-widget-wrap elementor-element-populated\">\n\t\t\t\t\t\t<div class=\"elementor-element elementor-element-6da6000 elementor-widget elementor-widget-image\" data-id=\"6da6000\" data-element_type=\"widget\" data-widget_type=\"image.default\">\n\t\t\t\t<div class=\"elementor-widget-container\">\n\t\t\t\t\t\t\t\t\t\t\t\t\t\t\t<img decoding=\"async\" width=\"771\" height=\"578\" src=\"https:\/\/unifio.edu.br\/unifiohv\/wp-content\/uploads\/2018\/11\/IMG_0643-1024x768.jpeg\" class=\"attachment-large size-large wp-image-981\" alt=\"\" srcset=\"https:\/\/unifio.edu.br\/unifiohv\/wp-content\/uploads\/2018\/11\/IMG_0643-1024x768.jpeg 1024w, https:\/\/unifio.edu.br\/unifiohv\/wp-content\/uploads\/2018\/11\/IMG_0643-300x225.jpeg 300w, https:\/\/unifio.edu.br\/unifiohv\/wp-content\/uploads\/2018\/11\/IMG_0643-768x576.jpeg 768w\" sizes=\"(max-width: 771px) 100vw, 771px\" \/>\t\t\t\t\t\t\t\t\t\t\t\t\t\t\t<\/div>\n\t\t\t\t<\/div>\n\t\t\t\t\t<\/div>\n\t\t<\/div>\n\t\t\t\t\t<\/div>\n\t\t<\/section>\n\t\t\t\t<\/div>\n\t\t","protected":false},"excerpt":{"rendered":"<p>O servi\u00e7o de Cl\u00ednica M\u00e9dica de Pequenos Animais \u00e9 composto por m\u00e9dicos veterin\u00e1rios e docentes especializados, respons\u00e1veis tamb\u00e9m pela disciplina de cl\u00ednica veterin\u00e1ria. Presta atendimento a c\u00e3es e gatos da comunidade da cidade de Ourinhos e regi\u00e3o, atendidos no&nbsp;Centro M\u00e9dico Veterin\u00e1rio&nbsp;ou encaminhados por outros colegas profissionais. O setor atende \u00e1reas de dermatologia, neurologia, cardiologia, gastroenterologia, [&hellip;]<\/p>\n","protected":false},"author":2,"featured_media":0,"parent":0,"menu_order":0,"comment_status":"closed","ping_status":"closed","template":"","meta":{"footnotes":""},"_links":{"self":[{"href":"https:\/\/unifio.edu.br\/unifiohv\/wp-json\/wp\/v2\/pages\/697"}],"collection":[{"href":"https:\/\/unifio.edu.br\/unifiohv\/wp-json\/wp\/v2\/pages"}],"about":[{"href":"https:\/\/unifio.edu.br\/unifiohv\/wp-json\/wp\/v2\/types\/page"}],"author":[{"embeddable":true,"href":"https:\/\/unifio.edu.br\/unifiohv\/wp-json\/wp\/v2\/users\/2"}],"replies":[{"embeddable":true,"href":"https:\/\/unifio.edu.br\/unifiohv\/wp-json\/wp\/v2\/comments?post=697"}],"version-history":[{"count":50,"href":"https:\/\/unifio.edu.br\/unifiohv\/wp-json\/wp\/v2\/pages\/697\/revisions"}],"predecessor-version":[{"id":2734,"href":"https:\/\/unifio.edu.br\/unifiohv\/wp-json\/wp\/v2\/pages\/697\/revisions\/2734"}],"wp:attachment":[{"href":"https:\/\/unifio.edu.br\/unifiohv\/wp-json\/wp\/v2\/media?parent=697"}],"curies":[{"name":"wp","href":"https:\/\/api.w.org\/{rel}","templated":true}]}}