{"id":701,"date":"2018-11-28T16:50:27","date_gmt":"2018-11-28T18:50:27","guid":{"rendered":"http:\/\/fio.edu.br\/fiohv\/?page_id=701"},"modified":"2023-10-19T15:15:33","modified_gmt":"2023-10-19T18:15:33","slug":"clinica-medica-e-cirurgica-de-grandes-animais","status":"publish","type":"page","link":"https:\/\/unifio.edu.br\/unifiohv\/clinica-medica-e-cirurgica-de-grandes-animais\/","title":{"rendered":"Cl\u00ednica M\u00e9dica e Cir\u00fargica de Grandes Animais"},"content":{"rendered":"\t\t<div data-elementor-type=\"wp-post\" data-elementor-id=\"701\" class=\"elementor elementor-701\">\n\t\t\t\t\t\t<section class=\"elementor-section elementor-top-section elementor-element elementor-element-9387d14 elementor-section-stretched elementor-section-boxed elementor-section-height-default elementor-section-height-default\" data-id=\"9387d14\" data-element_type=\"section\" data-settings=\"{&quot;stretch_section&quot;:&quot;section-stretched&quot;}\">\n\t\t\t\t\t\t<div class=\"elementor-container elementor-column-gap-default\">\n\t\t\t\t\t<div class=\"elementor-column elementor-col-100 elementor-top-column elementor-element elementor-element-6fc7250\" data-id=\"6fc7250\" data-element_type=\"column\">\n\t\t\t<div class=\"elementor-widget-wrap elementor-element-populated\">\n\t\t\t\t\t\t<div class=\"elementor-element elementor-element-a93ee67 elementor-widget elementor-widget-text-editor\" data-id=\"a93ee67\" data-element_type=\"widget\" data-widget_type=\"text-editor.default\">\n\t\t\t\t<div class=\"elementor-widget-container\">\n\t\t\t\t\t\t\t\t\t<p>O setor oferece atendimento cl\u00ednico e cir\u00fargico para animais de grande porte, sendo eles, equinos, bovinos e pequenos ruminantes.<\/p><p>A estrutura compreende \u00e1rea de desembarque, cl\u00ednica equipada com troncos de conten\u00e7\u00e3o, cocheiras para internamento, redondel para exerc\u00edcios controlados e piquetes. Al\u00e9m de atendimento cl\u00ednico especializado, contamos com apoio laboratorial constante e servi\u00e7o de diagn\u00f3stico por imagem, composto por raio x digital e ultrassonografia.<\/p><p>Anexa a estrutura cl\u00ednica, temos um centro cir\u00fargico devidamente equipado para cirurgias de animais de grande porte, onde \u00e9 poss\u00edvel a realiza\u00e7\u00e3o dos mais diversos tipos de procedimentos cir\u00fargicos, sejam eles programados ou emergenciais. Nossa equipe cir\u00fargica \u00e9 treinada para realizar desde os procedimentos mais simples, como corre\u00e7\u00e3o de h\u00e9rnias umbilicais, at\u00e9 os mais complexos, como cirurgias abdominais para equinos com c\u00f3lica e cirurgias\u00a0 do aparelho locomotor por v\u00eddeo (artroscopias).<\/p>\t\t\t\t\t\t\t\t<\/div>\n\t\t\t\t<\/div>\n\t\t\t\t\t<\/div>\n\t\t<\/div>\n\t\t\t\t\t<\/div>\n\t\t<\/section>\n\t\t\t\t<section class=\"elementor-section elementor-top-section elementor-element elementor-element-a096f67 elementor-section-stretched elementor-section-boxed elementor-section-height-default elementor-section-height-default\" data-id=\"a096f67\" data-element_type=\"section\" data-settings=\"{&quot;stretch_section&quot;:&quot;section-stretched&quot;}\">\n\t\t\t\t\t\t<div class=\"elementor-container elementor-column-gap-default\">\n\t\t\t\t\t<div class=\"elementor-column elementor-col-100 elementor-top-column elementor-element elementor-element-3e61d7b\" data-id=\"3e61d7b\" data-element_type=\"column\">\n\t\t\t<div class=\"elementor-widget-wrap elementor-element-populated\">\n\t\t\t\t\t\t<div class=\"elementor-element elementor-element-3dc7c36 elementor-widget elementor-widget-spacer\" data-id=\"3dc7c36\" data-element_type=\"widget\" data-widget_type=\"spacer.default\">\n\t\t\t\t<div class=\"elementor-widget-container\">\n\t\t\t\t\t\t\t<div class=\"elementor-spacer\">\n\t\t\t<div class=\"elementor-spacer-inner\"><\/div>\n\t\t<\/div>\n\t\t\t\t\t\t<\/div>\n\t\t\t\t<\/div>\n\t\t\t\t\t<\/div>\n\t\t<\/div>\n\t\t\t\t\t<\/div>\n\t\t<\/section>\n\t\t\t\t<section class=\"elementor-section elementor-top-section elementor-element elementor-element-f558311 elementor-section-stretched elementor-section-boxed elementor-section-height-default elementor-section-height-default\" data-id=\"f558311\" data-element_type=\"section\" data-settings=\"{&quot;stretch_section&quot;:&quot;section-stretched&quot;}\">\n\t\t\t\t\t\t<div class=\"elementor-container elementor-column-gap-default\">\n\t\t\t\t\t<div class=\"elementor-column elementor-col-100 elementor-top-column elementor-element elementor-element-e4b1153\" data-id=\"e4b1153\" data-element_type=\"column\">\n\t\t\t<div class=\"elementor-widget-wrap elementor-element-populated\">\n\t\t\t\t\t\t<div class=\"elementor-element elementor-element-1c6b7c3 elementor-widget elementor-widget-heading\" data-id=\"1c6b7c3\" data-element_type=\"widget\" data-widget_type=\"heading.default\">\n\t\t\t\t<div class=\"elementor-widget-container\">\n\t\t\t\t\t<h2 class=\"elementor-heading-title elementor-size-default\">Equipe<\/h2>\t\t\t\t<\/div>\n\t\t\t\t<\/div>\n\t\t\t\t\t<\/div>\n\t\t<\/div>\n\t\t\t\t\t<\/div>\n\t\t<\/section>\n\t\t\t\t<section class=\"elementor-section elementor-top-section elementor-element elementor-element-a57d3a4 elementor-section-stretched elementor-section-boxed elementor-section-height-default elementor-section-height-default\" data-id=\"a57d3a4\" data-element_type=\"section\" data-settings=\"{&quot;stretch_section&quot;:&quot;section-stretched&quot;}\">\n\t\t\t\t\t\t<div class=\"elementor-container elementor-column-gap-default\">\n\t\t\t\t\t<div class=\"elementor-column elementor-col-100 elementor-top-column elementor-element elementor-element-b4bf6a1\" data-id=\"b4bf6a1\" data-element_type=\"column\">\n\t\t\t<div class=\"elementor-widget-wrap elementor-element-populated\">\n\t\t\t\t\t\t<div class=\"elementor-element elementor-element-ebf1db6 elementor-widget elementor-widget-text-editor\" data-id=\"ebf1db6\" data-element_type=\"widget\" data-widget_type=\"text-editor.default\">\n\t\t\t\t<div class=\"elementor-widget-container\">\n\t\t\t\t\t\t\t\t\t<p style=\"padding-left: 60px;\"><span style=\"color: #002d7a;\">Prof. Me. Allison Maldonado <br \/><\/span><\/p><p style=\"padding-left: 60px;\"><span style=\"color: #002d7a;\"><span style=\"color: #002d7a;\"><span style=\"color: #002d7a;\">Prof. Me. Adrielle Levatti<\/span><\/span><\/span><\/p>\t\t\t\t\t\t\t\t<\/div>\n\t\t\t\t<\/div>\n\t\t\t\t\t<\/div>\n\t\t<\/div>\n\t\t\t\t\t<\/div>\n\t\t<\/section>\n\t\t\t\t<section class=\"elementor-section elementor-top-section elementor-element elementor-element-4648eaf elementor-section-boxed elementor-section-height-default elementor-section-height-default\" data-id=\"4648eaf\" data-element_type=\"section\">\n\t\t\t\t\t\t<div class=\"elementor-container elementor-column-gap-default\">\n\t\t\t\t\t<div class=\"elementor-column elementor-col-100 elementor-top-column elementor-element elementor-element-5f1a491\" data-id=\"5f1a491\" data-element_type=\"column\">\n\t\t\t<div class=\"elementor-widget-wrap elementor-element-populated\">\n\t\t\t\t\t\t<div class=\"elementor-element elementor-element-b092aa4 elementor-widget elementor-widget-spacer\" data-id=\"b092aa4\" data-element_type=\"widget\" data-widget_type=\"spacer.default\">\n\t\t\t\t<div class=\"elementor-widget-container\">\n\t\t\t\t\t\t\t<div class=\"elementor-spacer\">\n\t\t\t<div class=\"elementor-spacer-inner\"><\/div>\n\t\t<\/div>\n\t\t\t\t\t\t<\/div>\n\t\t\t\t<\/div>\n\t\t\t\t\t<\/div>\n\t\t<\/div>\n\t\t\t\t\t<\/div>\n\t\t<\/section>\n\t\t\t\t<section class=\"elementor-section elementor-top-section elementor-element elementor-element-2d5b816 elementor-section-boxed elementor-section-height-default elementor-section-height-default\" data-id=\"2d5b816\" data-element_type=\"section\">\n\t\t\t\t\t\t<div class=\"elementor-container elementor-column-gap-default\">\n\t\t\t\t\t<div class=\"elementor-column elementor-col-33 elementor-top-column elementor-element elementor-element-53e95cc\" data-id=\"53e95cc\" data-element_type=\"column\">\n\t\t\t<div class=\"elementor-widget-wrap elementor-element-populated\">\n\t\t\t\t\t\t<div class=\"elementor-element elementor-element-28abe4c elementor-widget elementor-widget-image\" data-id=\"28abe4c\" data-element_type=\"widget\" data-widget_type=\"image.default\">\n\t\t\t\t<div class=\"elementor-widget-container\">\n\t\t\t\t\t\t\t\t\t\t\t\t\t\t\t<img fetchpriority=\"high\" decoding=\"async\" width=\"768\" height=\"1024\" src=\"https:\/\/unifio.edu.br\/unifiohv\/wp-content\/uploads\/2023\/10\/Imagem-do-WhatsApp-de-2023-10-11-as-14.25.51_248d54e9-768x1024.jpg\" class=\"attachment-large size-large wp-image-2525\" alt=\"\" srcset=\"https:\/\/unifio.edu.br\/unifiohv\/wp-content\/uploads\/2023\/10\/Imagem-do-WhatsApp-de-2023-10-11-as-14.25.51_248d54e9-768x1024.jpg 768w, https:\/\/unifio.edu.br\/unifiohv\/wp-content\/uploads\/2023\/10\/Imagem-do-WhatsApp-de-2023-10-11-as-14.25.51_248d54e9-225x300.jpg 225w, https:\/\/unifio.edu.br\/unifiohv\/wp-content\/uploads\/2023\/10\/Imagem-do-WhatsApp-de-2023-10-11-as-14.25.51_248d54e9-1152x1536.jpg 1152w, https:\/\/unifio.edu.br\/unifiohv\/wp-content\/uploads\/2023\/10\/Imagem-do-WhatsApp-de-2023-10-11-as-14.25.51_248d54e9.jpg 1200w\" sizes=\"(max-width: 768px) 100vw, 768px\" \/>\t\t\t\t\t\t\t\t\t\t\t\t\t\t\t<\/div>\n\t\t\t\t<\/div>\n\t\t\t\t\t<\/div>\n\t\t<\/div>\n\t\t\t\t<div class=\"elementor-column elementor-col-33 elementor-top-column elementor-element elementor-element-c18e54b\" data-id=\"c18e54b\" data-element_type=\"column\">\n\t\t\t<div class=\"elementor-widget-wrap elementor-element-populated\">\n\t\t\t\t\t\t<div class=\"elementor-element elementor-element-099d9a4 elementor-widget elementor-widget-image\" data-id=\"099d9a4\" data-element_type=\"widget\" data-widget_type=\"image.default\">\n\t\t\t\t<div class=\"elementor-widget-container\">\n\t\t\t\t\t\t\t\t\t\t\t\t\t\t\t<img decoding=\"async\" width=\"768\" height=\"1024\" src=\"https:\/\/unifio.edu.br\/unifiohv\/wp-content\/uploads\/2023\/10\/Imagem-do-WhatsApp-de-2023-10-11-as-14.25.50_cbddec90-768x1024.jpg\" class=\"attachment-large size-large wp-image-2524\" alt=\"\" srcset=\"https:\/\/unifio.edu.br\/unifiohv\/wp-content\/uploads\/2023\/10\/Imagem-do-WhatsApp-de-2023-10-11-as-14.25.50_cbddec90-768x1024.jpg 768w, https:\/\/unifio.edu.br\/unifiohv\/wp-content\/uploads\/2023\/10\/Imagem-do-WhatsApp-de-2023-10-11-as-14.25.50_cbddec90-225x300.jpg 225w, https:\/\/unifio.edu.br\/unifiohv\/wp-content\/uploads\/2023\/10\/Imagem-do-WhatsApp-de-2023-10-11-as-14.25.50_cbddec90-1152x1536.jpg 1152w, https:\/\/unifio.edu.br\/unifiohv\/wp-content\/uploads\/2023\/10\/Imagem-do-WhatsApp-de-2023-10-11-as-14.25.50_cbddec90.jpg 1200w\" sizes=\"(max-width: 768px) 100vw, 768px\" \/>\t\t\t\t\t\t\t\t\t\t\t\t\t\t\t<\/div>\n\t\t\t\t<\/div>\n\t\t\t\t\t<\/div>\n\t\t<\/div>\n\t\t\t\t<div class=\"elementor-column elementor-col-33 elementor-top-column elementor-element elementor-element-959665e\" data-id=\"959665e\" data-element_type=\"column\">\n\t\t\t<div class=\"elementor-widget-wrap elementor-element-populated\">\n\t\t\t\t\t\t<div class=\"elementor-element elementor-element-a86e6cb elementor-widget elementor-widget-image\" data-id=\"a86e6cb\" data-element_type=\"widget\" data-widget_type=\"image.default\">\n\t\t\t\t<div class=\"elementor-widget-container\">\n\t\t\t\t\t\t\t\t\t\t\t\t\t\t\t<img decoding=\"async\" width=\"768\" height=\"1024\" src=\"https:\/\/unifio.edu.br\/unifiohv\/wp-content\/uploads\/2023\/10\/Imagem-do-WhatsApp-de-2023-10-11-as-14.25.49_a6dd3170-768x1024.jpg\" class=\"attachment-large size-large wp-image-2523\" alt=\"\" srcset=\"https:\/\/unifio.edu.br\/unifiohv\/wp-content\/uploads\/2023\/10\/Imagem-do-WhatsApp-de-2023-10-11-as-14.25.49_a6dd3170-768x1024.jpg 768w, https:\/\/unifio.edu.br\/unifiohv\/wp-content\/uploads\/2023\/10\/Imagem-do-WhatsApp-de-2023-10-11-as-14.25.49_a6dd3170-225x300.jpg 225w, https:\/\/unifio.edu.br\/unifiohv\/wp-content\/uploads\/2023\/10\/Imagem-do-WhatsApp-de-2023-10-11-as-14.25.49_a6dd3170-1152x1536.jpg 1152w, https:\/\/unifio.edu.br\/unifiohv\/wp-content\/uploads\/2023\/10\/Imagem-do-WhatsApp-de-2023-10-11-as-14.25.49_a6dd3170.jpg 1200w\" sizes=\"(max-width: 768px) 100vw, 768px\" \/>\t\t\t\t\t\t\t\t\t\t\t\t\t\t\t<\/div>\n\t\t\t\t<\/div>\n\t\t\t\t\t<\/div>\n\t\t<\/div>\n\t\t\t\t\t<\/div>\n\t\t<\/section>\n\t\t\t\t<section class=\"elementor-section elementor-top-section elementor-element elementor-element-d56abb0 elementor-section-boxed elementor-section-height-default elementor-section-height-default\" data-id=\"d56abb0\" data-element_type=\"section\">\n\t\t\t\t\t\t<div class=\"elementor-container elementor-column-gap-default\">\n\t\t\t\t\t<div class=\"elementor-column elementor-col-50 elementor-top-column elementor-element elementor-element-097563a\" data-id=\"097563a\" data-element_type=\"column\">\n\t\t\t<div class=\"elementor-widget-wrap elementor-element-populated\">\n\t\t\t\t\t\t<div class=\"elementor-element elementor-element-f945d89 elementor-widget elementor-widget-image\" data-id=\"f945d89\" data-element_type=\"widget\" data-widget_type=\"image.default\">\n\t\t\t\t<div class=\"elementor-widget-container\">\n\t\t\t\t\t\t\t\t\t\t\t\t\t\t\t<img loading=\"lazy\" decoding=\"async\" width=\"768\" height=\"1024\" src=\"https:\/\/unifio.edu.br\/unifiohv\/wp-content\/uploads\/2023\/10\/Imagem-do-WhatsApp-de-2023-10-11-as-14.25.49_3ccd7a23-768x1024.jpg\" class=\"attachment-large size-large wp-image-2521\" alt=\"\" srcset=\"https:\/\/unifio.edu.br\/unifiohv\/wp-content\/uploads\/2023\/10\/Imagem-do-WhatsApp-de-2023-10-11-as-14.25.49_3ccd7a23-768x1024.jpg 768w, https:\/\/unifio.edu.br\/unifiohv\/wp-content\/uploads\/2023\/10\/Imagem-do-WhatsApp-de-2023-10-11-as-14.25.49_3ccd7a23-225x300.jpg 225w, https:\/\/unifio.edu.br\/unifiohv\/wp-content\/uploads\/2023\/10\/Imagem-do-WhatsApp-de-2023-10-11-as-14.25.49_3ccd7a23-1152x1536.jpg 1152w, https:\/\/unifio.edu.br\/unifiohv\/wp-content\/uploads\/2023\/10\/Imagem-do-WhatsApp-de-2023-10-11-as-14.25.49_3ccd7a23.jpg 1200w\" sizes=\"(max-width: 768px) 100vw, 768px\" \/>\t\t\t\t\t\t\t\t\t\t\t\t\t\t\t<\/div>\n\t\t\t\t<\/div>\n\t\t\t\t\t<\/div>\n\t\t<\/div>\n\t\t\t\t<div class=\"elementor-column elementor-col-50 elementor-top-column elementor-element elementor-element-fde662c\" data-id=\"fde662c\" data-element_type=\"column\">\n\t\t\t<div class=\"elementor-widget-wrap elementor-element-populated\">\n\t\t\t\t\t\t<div class=\"elementor-element elementor-element-27bdaf8 elementor-widget elementor-widget-image\" data-id=\"27bdaf8\" data-element_type=\"widget\" data-widget_type=\"image.default\">\n\t\t\t\t<div class=\"elementor-widget-container\">\n\t\t\t\t\t\t\t\t\t\t\t\t\t\t\t<img loading=\"lazy\" decoding=\"async\" width=\"768\" height=\"1024\" src=\"https:\/\/unifio.edu.br\/unifiohv\/wp-content\/uploads\/2023\/10\/Imagem-do-WhatsApp-de-2023-10-11-as-14.25.49_9e8582eb-768x1024.jpg\" class=\"attachment-large size-large wp-image-2522\" alt=\"\" srcset=\"https:\/\/unifio.edu.br\/unifiohv\/wp-content\/uploads\/2023\/10\/Imagem-do-WhatsApp-de-2023-10-11-as-14.25.49_9e8582eb-768x1024.jpg 768w, https:\/\/unifio.edu.br\/unifiohv\/wp-content\/uploads\/2023\/10\/Imagem-do-WhatsApp-de-2023-10-11-as-14.25.49_9e8582eb-225x300.jpg 225w, https:\/\/unifio.edu.br\/unifiohv\/wp-content\/uploads\/2023\/10\/Imagem-do-WhatsApp-de-2023-10-11-as-14.25.49_9e8582eb-1152x1536.jpg 1152w, https:\/\/unifio.edu.br\/unifiohv\/wp-content\/uploads\/2023\/10\/Imagem-do-WhatsApp-de-2023-10-11-as-14.25.49_9e8582eb.jpg 1200w\" sizes=\"(max-width: 768px) 100vw, 768px\" \/>\t\t\t\t\t\t\t\t\t\t\t\t\t\t\t<\/div>\n\t\t\t\t<\/div>\n\t\t\t\t\t<\/div>\n\t\t<\/div>\n\t\t\t\t\t<\/div>\n\t\t<\/section>\n\t\t\t\t<section class=\"elementor-section elementor-top-section elementor-element elementor-element-d2d9f0f elementor-section-stretched elementor-section-boxed elementor-section-height-default elementor-section-height-default\" data-id=\"d2d9f0f\" data-element_type=\"section\" data-settings=\"{&quot;stretch_section&quot;:&quot;section-stretched&quot;}\">\n\t\t\t\t\t\t<div class=\"elementor-container elementor-column-gap-default\">\n\t\t\t\t\t<div class=\"elementor-column elementor-col-100 elementor-top-column elementor-element elementor-element-ff4a0b8\" data-id=\"ff4a0b8\" data-element_type=\"column\">\n\t\t\t<div class=\"elementor-widget-wrap\">\n\t\t\t\t\t\t\t<\/div>\n\t\t<\/div>\n\t\t\t\t\t<\/div>\n\t\t<\/section>\n\t\t\t\t<\/div>\n\t\t","protected":false},"excerpt":{"rendered":"<p>O setor oferece atendimento cl\u00ednico e cir\u00fargico para animais de grande porte, sendo eles, equinos, bovinos e pequenos ruminantes. A estrutura compreende \u00e1rea de desembarque, cl\u00ednica equipada com troncos de conten\u00e7\u00e3o, cocheiras para internamento, redondel para exerc\u00edcios controlados e piquetes. Al\u00e9m de atendimento cl\u00ednico especializado, contamos com apoio laboratorial constante e servi\u00e7o de diagn\u00f3stico por [&hellip;]<\/p>\n","protected":false},"author":2,"featured_media":0,"parent":0,"menu_order":0,"comment_status":"closed","ping_status":"closed","template":"","meta":{"footnotes":""},"_links":{"self":[{"href":"https:\/\/unifio.edu.br\/unifiohv\/wp-json\/wp\/v2\/pages\/701"}],"collection":[{"href":"https:\/\/unifio.edu.br\/unifiohv\/wp-json\/wp\/v2\/pages"}],"about":[{"href":"https:\/\/unifio.edu.br\/unifiohv\/wp-json\/wp\/v2\/types\/page"}],"author":[{"embeddable":true,"href":"https:\/\/unifio.edu.br\/unifiohv\/wp-json\/wp\/v2\/users\/2"}],"replies":[{"embeddable":true,"href":"https:\/\/unifio.edu.br\/unifiohv\/wp-json\/wp\/v2\/comments?post=701"}],"version-history":[{"count":38,"href":"https:\/\/unifio.edu.br\/unifiohv\/wp-json\/wp\/v2\/pages\/701\/revisions"}],"predecessor-version":[{"id":2535,"href":"https:\/\/unifio.edu.br\/unifiohv\/wp-json\/wp\/v2\/pages\/701\/revisions\/2535"}],"wp:attachment":[{"href":"https:\/\/unifio.edu.br\/unifiohv\/wp-json\/wp\/v2\/media?parent=701"}],"curies":[{"name":"wp","href":"https:\/\/api.w.org\/{rel}","templated":true}]}}