{"id":703,"date":"2018-11-28T16:50:39","date_gmt":"2018-11-28T18:50:39","guid":{"rendered":"http:\/\/fio.edu.br\/fiohv\/?page_id=703"},"modified":"2023-10-24T15:44:45","modified_gmt":"2023-10-24T18:44:45","slug":"diagnostico-por-imagem","status":"publish","type":"page","link":"https:\/\/unifio.edu.br\/unifiohv\/diagnostico-por-imagem\/","title":{"rendered":"Diagn\u00f3stico por Imagem"},"content":{"rendered":"\t\t<div data-elementor-type=\"wp-page\" data-elementor-id=\"703\" class=\"elementor elementor-703\">\n\t\t\t\t\t\t<section class=\"elementor-section elementor-top-section elementor-element elementor-element-d63f41c elementor-section-stretched elementor-section-boxed elementor-section-height-default elementor-section-height-default\" data-id=\"d63f41c\" data-element_type=\"section\" data-settings=\"{&quot;stretch_section&quot;:&quot;section-stretched&quot;}\">\n\t\t\t\t\t\t<div class=\"elementor-container elementor-column-gap-default\">\n\t\t\t\t\t<div class=\"elementor-column elementor-col-100 elementor-top-column elementor-element elementor-element-56cf152\" data-id=\"56cf152\" data-element_type=\"column\">\n\t\t\t<div class=\"elementor-widget-wrap elementor-element-populated\">\n\t\t\t\t\t\t<div class=\"elementor-element elementor-element-1afa4ad elementor-widget elementor-widget-text-editor\" data-id=\"1afa4ad\" data-element_type=\"widget\" data-widget_type=\"text-editor.default\">\n\t\t\t\t<div class=\"elementor-widget-container\">\n\t\t\t\t\t\t\t\t\t<p>O setor de Diagn\u00f3stico por Imagem do Centro M\u00e9dico Veterin\u00e1rio Roque Quagliato realiza exames radiogr\u00e1ficos e ultrassonogr\u00e1ficos de grandes e pequenos animais com o intuito de auxiliar no diagn\u00f3stico de afec\u00e7\u00f5es cl\u00ednicas e cir\u00fargicas.<\/p><p>Possui uma sala de ultrassonografia e cardiologia com equipamento de ultrassom com Doppler colorido, Doppler espectral, Doppler cont\u00ednuo, Doppler tecidual e Power Doppler com quatro transdutores (microconvexo, lineal, setorial pedi\u00e1trico e setorial adulto), possibilitando estudo detalhado e diagn\u00f3stico preciso.<\/p><p>Sala de radiologia com dois emissores de raios X port\u00e1teis e dois sistemas digitais, um computadorizado e outro digital direito, permitindo exames radiogr\u00e1ficos de pequenos e grandes animais com alta resolu\u00e7\u00e3o.<\/p>\t\t\t\t\t\t\t\t<\/div>\n\t\t\t\t<\/div>\n\t\t\t\t\t<\/div>\n\t\t<\/div>\n\t\t\t\t\t<\/div>\n\t\t<\/section>\n\t\t\t\t<section class=\"elementor-section elementor-top-section elementor-element elementor-element-3321c4e elementor-section-stretched elementor-section-boxed elementor-section-height-default elementor-section-height-default\" data-id=\"3321c4e\" data-element_type=\"section\" data-settings=\"{&quot;stretch_section&quot;:&quot;section-stretched&quot;}\">\n\t\t\t\t\t\t<div class=\"elementor-container elementor-column-gap-default\">\n\t\t\t\t\t<div class=\"elementor-column elementor-col-100 elementor-top-column elementor-element elementor-element-529de88\" data-id=\"529de88\" data-element_type=\"column\">\n\t\t\t<div class=\"elementor-widget-wrap elementor-element-populated\">\n\t\t\t\t\t\t<div class=\"elementor-element elementor-element-a70806b elementor-widget elementor-widget-spacer\" data-id=\"a70806b\" data-element_type=\"widget\" data-widget_type=\"spacer.default\">\n\t\t\t\t<div class=\"elementor-widget-container\">\n\t\t\t\t\t\t\t<div class=\"elementor-spacer\">\n\t\t\t<div class=\"elementor-spacer-inner\"><\/div>\n\t\t<\/div>\n\t\t\t\t\t\t<\/div>\n\t\t\t\t<\/div>\n\t\t\t\t\t<\/div>\n\t\t<\/div>\n\t\t\t\t\t<\/div>\n\t\t<\/section>\n\t\t\t\t<section class=\"elementor-section elementor-top-section elementor-element elementor-element-8f0b4b1 elementor-section-stretched elementor-section-boxed elementor-section-height-default elementor-section-height-default\" data-id=\"8f0b4b1\" data-element_type=\"section\" data-settings=\"{&quot;stretch_section&quot;:&quot;section-stretched&quot;}\">\n\t\t\t\t\t\t<div class=\"elementor-container elementor-column-gap-default\">\n\t\t\t\t\t<div class=\"elementor-column elementor-col-100 elementor-top-column elementor-element elementor-element-6d9e7ac\" data-id=\"6d9e7ac\" data-element_type=\"column\">\n\t\t\t<div class=\"elementor-widget-wrap elementor-element-populated\">\n\t\t\t\t\t\t<div class=\"elementor-element elementor-element-1cc5984 elementor-widget elementor-widget-heading\" data-id=\"1cc5984\" data-element_type=\"widget\" data-widget_type=\"heading.default\">\n\t\t\t\t<div class=\"elementor-widget-container\">\n\t\t\t\t\t<h2 class=\"elementor-heading-title elementor-size-default\">Equipe<\/h2>\t\t\t\t<\/div>\n\t\t\t\t<\/div>\n\t\t\t\t\t<\/div>\n\t\t<\/div>\n\t\t\t\t\t<\/div>\n\t\t<\/section>\n\t\t\t\t<section class=\"elementor-section elementor-top-section elementor-element elementor-element-b1e395b elementor-section-stretched elementor-section-boxed elementor-section-height-default elementor-section-height-default\" data-id=\"b1e395b\" data-element_type=\"section\" data-settings=\"{&quot;stretch_section&quot;:&quot;section-stretched&quot;}\">\n\t\t\t\t\t\t<div class=\"elementor-container elementor-column-gap-default\">\n\t\t\t\t\t<div class=\"elementor-column elementor-col-100 elementor-top-column elementor-element elementor-element-1c602f2\" data-id=\"1c602f2\" data-element_type=\"column\">\n\t\t\t<div class=\"elementor-widget-wrap elementor-element-populated\">\n\t\t\t\t\t\t<div class=\"elementor-element elementor-element-ca84f44 elementor-widget elementor-widget-text-editor\" data-id=\"ca84f44\" data-element_type=\"widget\" data-widget_type=\"text-editor.default\">\n\t\t\t\t<div class=\"elementor-widget-container\">\n\t\t\t\t\t\t\t\t\t<p style=\"padding-left: 30px;\"><span style=\"color: #002d7a;\">Prof. Dr. Marcos Cezar Sant&#8217;Anna<\/span><\/p>\t\t\t\t\t\t\t\t<\/div>\n\t\t\t\t<\/div>\n\t\t\t\t\t<\/div>\n\t\t<\/div>\n\t\t\t\t\t<\/div>\n\t\t<\/section>\n\t\t\t\t<section class=\"elementor-section elementor-top-section elementor-element elementor-element-6a4cfce elementor-section-stretched elementor-section-boxed elementor-section-height-default elementor-section-height-default\" data-id=\"6a4cfce\" data-element_type=\"section\" data-settings=\"{&quot;stretch_section&quot;:&quot;section-stretched&quot;}\">\n\t\t\t\t\t\t<div class=\"elementor-container elementor-column-gap-default\">\n\t\t\t\t\t<div class=\"elementor-column elementor-col-100 elementor-top-column elementor-element elementor-element-7b69fc2\" data-id=\"7b69fc2\" data-element_type=\"column\">\n\t\t\t<div class=\"elementor-widget-wrap elementor-element-populated\">\n\t\t\t\t\t\t<div class=\"elementor-element elementor-element-f882faf elementor-widget elementor-widget-spacer\" data-id=\"f882faf\" data-element_type=\"widget\" data-widget_type=\"spacer.default\">\n\t\t\t\t<div class=\"elementor-widget-container\">\n\t\t\t\t\t\t\t<div class=\"elementor-spacer\">\n\t\t\t<div class=\"elementor-spacer-inner\"><\/div>\n\t\t<\/div>\n\t\t\t\t\t\t<\/div>\n\t\t\t\t<\/div>\n\t\t\t\t\t<\/div>\n\t\t<\/div>\n\t\t\t\t\t<\/div>\n\t\t<\/section>\n\t\t\t\t<section class=\"elementor-section elementor-top-section elementor-element elementor-element-6455eab elementor-section-boxed elementor-section-height-default elementor-section-height-default\" data-id=\"6455eab\" data-element_type=\"section\">\n\t\t\t\t\t\t<div class=\"elementor-container elementor-column-gap-default\">\n\t\t\t\t\t<div class=\"elementor-column elementor-col-33 elementor-top-column elementor-element elementor-element-b880ced\" data-id=\"b880ced\" data-element_type=\"column\">\n\t\t\t<div class=\"elementor-widget-wrap elementor-element-populated\">\n\t\t\t\t\t\t<div class=\"elementor-element elementor-element-e329bae elementor-widget elementor-widget-image\" data-id=\"e329bae\" data-element_type=\"widget\" data-widget_type=\"image.default\">\n\t\t\t\t<div class=\"elementor-widget-container\">\n\t\t\t\t\t\t\t\t\t\t\t\t\t\t\t<img fetchpriority=\"high\" decoding=\"async\" width=\"771\" height=\"579\" src=\"https:\/\/unifio.edu.br\/unifiohv\/wp-content\/uploads\/2023\/10\/1-1-1024x769.jpg\" class=\"attachment-large size-large wp-image-2652\" alt=\"\" srcset=\"https:\/\/unifio.edu.br\/unifiohv\/wp-content\/uploads\/2023\/10\/1-1-1024x769.jpg 1024w, https:\/\/unifio.edu.br\/unifiohv\/wp-content\/uploads\/2023\/10\/1-1-300x225.jpg 300w, https:\/\/unifio.edu.br\/unifiohv\/wp-content\/uploads\/2023\/10\/1-1-768x577.jpg 768w, https:\/\/unifio.edu.br\/unifiohv\/wp-content\/uploads\/2023\/10\/1-1-400x300.jpg 400w, https:\/\/unifio.edu.br\/unifiohv\/wp-content\/uploads\/2023\/10\/1-1.jpg 1103w\" sizes=\"(max-width: 771px) 100vw, 771px\" \/>\t\t\t\t\t\t\t\t\t\t\t\t\t\t\t<\/div>\n\t\t\t\t<\/div>\n\t\t\t\t<div class=\"elementor-element elementor-element-fce4aa6 elementor-widget__width-initial elementor-widget elementor-widget-text-editor\" data-id=\"fce4aa6\" data-element_type=\"widget\" data-widget_type=\"text-editor.default\">\n\t\t\t\t<div class=\"elementor-widget-container\">\n\t\t\t\t\t\t\t\t\t<p>Radiologia digital computadorizada<\/p>\t\t\t\t\t\t\t\t<\/div>\n\t\t\t\t<\/div>\n\t\t\t\t\t<\/div>\n\t\t<\/div>\n\t\t\t\t<div class=\"elementor-column elementor-col-33 elementor-top-column elementor-element elementor-element-3c0bd55\" data-id=\"3c0bd55\" data-element_type=\"column\">\n\t\t\t<div class=\"elementor-widget-wrap elementor-element-populated\">\n\t\t\t\t\t\t<div class=\"elementor-element elementor-element-de6f30b elementor-widget elementor-widget-image\" data-id=\"de6f30b\" data-element_type=\"widget\" data-widget_type=\"image.default\">\n\t\t\t\t<div class=\"elementor-widget-container\">\n\t\t\t\t\t\t\t\t\t\t\t\t\t\t\t<img decoding=\"async\" width=\"771\" height=\"577\" src=\"https:\/\/unifio.edu.br\/unifiohv\/wp-content\/uploads\/2023\/10\/2-1-1024x766.jpg\" class=\"attachment-large size-large wp-image-2653\" alt=\"\" srcset=\"https:\/\/unifio.edu.br\/unifiohv\/wp-content\/uploads\/2023\/10\/2-1-1024x766.jpg 1024w, https:\/\/unifio.edu.br\/unifiohv\/wp-content\/uploads\/2023\/10\/2-1-300x224.jpg 300w, https:\/\/unifio.edu.br\/unifiohv\/wp-content\/uploads\/2023\/10\/2-1-768x574.jpg 768w, https:\/\/unifio.edu.br\/unifiohv\/wp-content\/uploads\/2023\/10\/2-1-400x300.jpg 400w, https:\/\/unifio.edu.br\/unifiohv\/wp-content\/uploads\/2023\/10\/2-1.jpg 1110w\" sizes=\"(max-width: 771px) 100vw, 771px\" \/>\t\t\t\t\t\t\t\t\t\t\t\t\t\t\t<\/div>\n\t\t\t\t<\/div>\n\t\t\t\t<div class=\"elementor-element elementor-element-93dbe09 elementor-widget__width-initial elementor-widget elementor-widget-text-editor\" data-id=\"93dbe09\" data-element_type=\"widget\" data-widget_type=\"text-editor.default\">\n\t\t\t\t<div class=\"elementor-widget-container\">\n\t\t\t\t\t\t\t\t\t<p>Radiologia digital direta<\/p>\t\t\t\t\t\t\t\t<\/div>\n\t\t\t\t<\/div>\n\t\t\t\t\t<\/div>\n\t\t<\/div>\n\t\t\t\t<div class=\"elementor-column elementor-col-33 elementor-top-column elementor-element elementor-element-21d2ec0\" data-id=\"21d2ec0\" data-element_type=\"column\">\n\t\t\t<div class=\"elementor-widget-wrap elementor-element-populated\">\n\t\t\t\t\t\t<div class=\"elementor-element elementor-element-9c9e2c8 elementor-widget elementor-widget-image\" data-id=\"9c9e2c8\" data-element_type=\"widget\" data-widget_type=\"image.default\">\n\t\t\t\t<div class=\"elementor-widget-container\">\n\t\t\t\t\t\t\t\t\t\t\t\t\t\t\t<img decoding=\"async\" src=\"https:\/\/unifio.edu.br\/unifiohv\/wp-content\/uploads\/2023\/10\/3-1.jpg\" title=\"3\" alt=\"3\" loading=\"lazy\" \/>\t\t\t\t\t\t\t\t\t\t\t\t\t\t\t<\/div>\n\t\t\t\t<\/div>\n\t\t\t\t<div class=\"elementor-element elementor-element-4173003 elementor-widget__width-initial elementor-widget elementor-widget-text-editor\" data-id=\"4173003\" data-element_type=\"widget\" data-widget_type=\"text-editor.default\">\n\t\t\t\t<div class=\"elementor-widget-container\">\n\t\t\t\t\t\t\t\t\t<p>Sala de Ultrassonografia e Cardiologia de Pequenos Animais<\/p>\t\t\t\t\t\t\t\t<\/div>\n\t\t\t\t<\/div>\n\t\t\t\t\t<\/div>\n\t\t<\/div>\n\t\t\t\t\t<\/div>\n\t\t<\/section>\n\t\t\t\t<\/div>\n\t\t","protected":false},"excerpt":{"rendered":"<p>O setor de Diagn\u00f3stico por Imagem do Centro M\u00e9dico Veterin\u00e1rio Roque Quagliato realiza exames radiogr\u00e1ficos e ultrassonogr\u00e1ficos de grandes e pequenos animais com o intuito de auxiliar no diagn\u00f3stico de afec\u00e7\u00f5es cl\u00ednicas e cir\u00fargicas. Possui uma sala de ultrassonografia e cardiologia com equipamento de ultrassom com Doppler colorido, Doppler espectral, Doppler cont\u00ednuo, Doppler tecidual e [&hellip;]<\/p>\n","protected":false},"author":2,"featured_media":0,"parent":0,"menu_order":0,"comment_status":"closed","ping_status":"closed","template":"","meta":{"footnotes":""},"_links":{"self":[{"href":"https:\/\/unifio.edu.br\/unifiohv\/wp-json\/wp\/v2\/pages\/703"}],"collection":[{"href":"https:\/\/unifio.edu.br\/unifiohv\/wp-json\/wp\/v2\/pages"}],"about":[{"href":"https:\/\/unifio.edu.br\/unifiohv\/wp-json\/wp\/v2\/types\/page"}],"author":[{"embeddable":true,"href":"https:\/\/unifio.edu.br\/unifiohv\/wp-json\/wp\/v2\/users\/2"}],"replies":[{"embeddable":true,"href":"https:\/\/unifio.edu.br\/unifiohv\/wp-json\/wp\/v2\/comments?post=703"}],"version-history":[{"count":37,"href":"https:\/\/unifio.edu.br\/unifiohv\/wp-json\/wp\/v2\/pages\/703\/revisions"}],"predecessor-version":[{"id":2657,"href":"https:\/\/unifio.edu.br\/unifiohv\/wp-json\/wp\/v2\/pages\/703\/revisions\/2657"}],"wp:attachment":[{"href":"https:\/\/unifio.edu.br\/unifiohv\/wp-json\/wp\/v2\/media?parent=703"}],"curies":[{"name":"wp","href":"https:\/\/api.w.org\/{rel}","templated":true}]}}