{"id":707,"date":"2018-11-28T16:51:14","date_gmt":"2018-11-28T18:51:14","guid":{"rendered":"http:\/\/fio.edu.br\/fiohv\/?page_id=707"},"modified":"2023-10-28T10:27:22","modified_gmt":"2023-10-28T13:27:22","slug":"obstetricia-e-reproducao-animal","status":"publish","type":"page","link":"https:\/\/unifio.edu.br\/unifiohv\/obstetricia-e-reproducao-animal\/","title":{"rendered":"Obstetr\u00edcia e Reprodu\u00e7\u00e3o Animal"},"content":{"rendered":"\t\t<div data-elementor-type=\"wp-page\" data-elementor-id=\"707\" class=\"elementor elementor-707\">\n\t\t\t\t\t\t<section class=\"elementor-section elementor-top-section elementor-element elementor-element-4b986b7 elementor-section-stretched elementor-section-boxed elementor-section-height-default elementor-section-height-default\" data-id=\"4b986b7\" data-element_type=\"section\" data-settings=\"{&quot;stretch_section&quot;:&quot;section-stretched&quot;}\">\n\t\t\t\t\t\t<div class=\"elementor-container elementor-column-gap-default\">\n\t\t\t\t\t<div class=\"elementor-column elementor-col-100 elementor-top-column elementor-element elementor-element-5b18884\" data-id=\"5b18884\" data-element_type=\"column\">\n\t\t\t<div class=\"elementor-widget-wrap elementor-element-populated\">\n\t\t\t\t\t\t<div class=\"elementor-element elementor-element-09b9295 elementor-widget elementor-widget-text-editor\" data-id=\"09b9295\" data-element_type=\"widget\" data-widget_type=\"text-editor.default\">\n\t\t\t\t<div class=\"elementor-widget-container\">\n\t\t\t\t\t\t\t\t\t<p>O setor oferece atendimentos obst\u00e9tricos e reprodutivos nas esp\u00e9cies dom\u00e9sticas, acompanhamento do ciclo estral, exame ginecol\u00f3gico, exame androl\u00f3gico, avalia\u00e7\u00e3o e congela\u00e7\u00e3o de s\u00eamen, diagn\u00f3stico e acompanhamento da gesta\u00e7\u00e3o, atendimento ao parto, cirurgias obst\u00e9tricas (cesariana, cirurgias de per\u00edneo, vulvoplastias, fetotomia e mastectomia).<\/p><p>Ainda, o setor oferece na \u00e1rea da biotecnologia da reprodu\u00e7\u00e3o animal os servi\u00e7os de insemina\u00e7\u00e3o artificial (IA), insemina\u00e7\u00e3o artificial em tempo fixo (IATF),\u00a0 transfer\u00eancia de embri\u00f5es (TE), superovula\u00e7\u00e3o (SO), colheita de embri\u00f5es, e sexagem fetal.<\/p><p>A estrutura compreende um amplo laborat\u00f3rio de reprodu\u00e7\u00e3o animal, equipado com aparelho de ultrassonografia, lupa, microsc\u00f3pio, banho-maria, placa aquecedora, maquina de congelar embri\u00e3o, botij\u00f5es de nitrog\u00eanio al\u00e9m de todo o material de consumo para a realiza\u00e7\u00e3o dos procedimentos supracitados.<\/p>\t\t\t\t\t\t\t\t<\/div>\n\t\t\t\t<\/div>\n\t\t\t\t\t<\/div>\n\t\t<\/div>\n\t\t\t\t\t<\/div>\n\t\t<\/section>\n\t\t\t\t<section class=\"elementor-section elementor-top-section elementor-element elementor-element-d7182f2 elementor-section-stretched elementor-section-boxed elementor-section-height-default elementor-section-height-default\" data-id=\"d7182f2\" data-element_type=\"section\" data-settings=\"{&quot;stretch_section&quot;:&quot;section-stretched&quot;}\">\n\t\t\t\t\t\t<div class=\"elementor-container elementor-column-gap-default\">\n\t\t\t\t\t<div class=\"elementor-column elementor-col-100 elementor-top-column elementor-element elementor-element-752995b\" data-id=\"752995b\" data-element_type=\"column\">\n\t\t\t<div class=\"elementor-widget-wrap elementor-element-populated\">\n\t\t\t\t\t\t<div class=\"elementor-element elementor-element-bac0948 elementor-widget elementor-widget-spacer\" data-id=\"bac0948\" data-element_type=\"widget\" data-widget_type=\"spacer.default\">\n\t\t\t\t<div class=\"elementor-widget-container\">\n\t\t\t\t\t\t\t<div class=\"elementor-spacer\">\n\t\t\t<div class=\"elementor-spacer-inner\"><\/div>\n\t\t<\/div>\n\t\t\t\t\t\t<\/div>\n\t\t\t\t<\/div>\n\t\t\t\t\t<\/div>\n\t\t<\/div>\n\t\t\t\t\t<\/div>\n\t\t<\/section>\n\t\t\t\t<section class=\"elementor-section elementor-top-section elementor-element elementor-element-d945bd5 elementor-section-stretched elementor-section-boxed elementor-section-height-default elementor-section-height-default\" data-id=\"d945bd5\" data-element_type=\"section\" data-settings=\"{&quot;stretch_section&quot;:&quot;section-stretched&quot;}\">\n\t\t\t\t\t\t<div class=\"elementor-container elementor-column-gap-default\">\n\t\t\t\t\t<div class=\"elementor-column elementor-col-100 elementor-top-column elementor-element elementor-element-5046407\" data-id=\"5046407\" data-element_type=\"column\">\n\t\t\t<div class=\"elementor-widget-wrap elementor-element-populated\">\n\t\t\t\t\t\t<div class=\"elementor-element elementor-element-cdb7cbe elementor-widget elementor-widget-heading\" data-id=\"cdb7cbe\" data-element_type=\"widget\" data-widget_type=\"heading.default\">\n\t\t\t\t<div class=\"elementor-widget-container\">\n\t\t\t\t\t<h2 class=\"elementor-heading-title elementor-size-default\">Equipe<\/h2>\t\t\t\t<\/div>\n\t\t\t\t<\/div>\n\t\t\t\t\t<\/div>\n\t\t<\/div>\n\t\t\t\t\t<\/div>\n\t\t<\/section>\n\t\t\t\t<section class=\"elementor-section elementor-top-section elementor-element elementor-element-023a5df elementor-section-stretched elementor-section-boxed elementor-section-height-default elementor-section-height-default\" data-id=\"023a5df\" data-element_type=\"section\" data-settings=\"{&quot;stretch_section&quot;:&quot;section-stretched&quot;}\">\n\t\t\t\t\t\t<div class=\"elementor-container elementor-column-gap-default\">\n\t\t\t\t\t<div class=\"elementor-column elementor-col-100 elementor-top-column elementor-element elementor-element-c076224\" data-id=\"c076224\" data-element_type=\"column\">\n\t\t\t<div class=\"elementor-widget-wrap elementor-element-populated\">\n\t\t\t\t\t\t<div class=\"elementor-element elementor-element-1e4a65b elementor-widget elementor-widget-text-editor\" data-id=\"1e4a65b\" data-element_type=\"widget\" data-widget_type=\"text-editor.default\">\n\t\t\t\t<div class=\"elementor-widget-container\">\n\t\t\t\t\t\t\t\t\t<div style=\"padding-left: 30px;\"><p>Prof. Dr. Lucas Canuto<\/p>\n<\/div>\t\t\t\t\t\t\t\t<\/div>\n\t\t\t\t<\/div>\n\t\t\t\t\t<\/div>\n\t\t<\/div>\n\t\t\t\t\t<\/div>\n\t\t<\/section>\n\t\t\t\t<section class=\"elementor-section elementor-top-section elementor-element elementor-element-9508cbe elementor-section-boxed elementor-section-height-default elementor-section-height-default\" data-id=\"9508cbe\" data-element_type=\"section\">\n\t\t\t\t\t\t<div class=\"elementor-container elementor-column-gap-default\">\n\t\t\t\t\t<div class=\"elementor-column elementor-col-100 elementor-top-column elementor-element elementor-element-40312a5\" data-id=\"40312a5\" data-element_type=\"column\">\n\t\t\t<div class=\"elementor-widget-wrap elementor-element-populated\">\n\t\t\t\t\t\t<div class=\"elementor-element elementor-element-d136617 elementor-widget elementor-widget-spacer\" data-id=\"d136617\" data-element_type=\"widget\" data-widget_type=\"spacer.default\">\n\t\t\t\t<div class=\"elementor-widget-container\">\n\t\t\t\t\t\t\t<div class=\"elementor-spacer\">\n\t\t\t<div class=\"elementor-spacer-inner\"><\/div>\n\t\t<\/div>\n\t\t\t\t\t\t<\/div>\n\t\t\t\t<\/div>\n\t\t\t\t\t<\/div>\n\t\t<\/div>\n\t\t\t\t\t<\/div>\n\t\t<\/section>\n\t\t\t\t<section class=\"elementor-section elementor-top-section elementor-element elementor-element-373c8c7 elementor-section-boxed elementor-section-height-default elementor-section-height-default\" data-id=\"373c8c7\" data-element_type=\"section\">\n\t\t\t\t\t\t<div class=\"elementor-container elementor-column-gap-default\">\n\t\t\t\t\t<div class=\"elementor-column elementor-col-33 elementor-top-column elementor-element elementor-element-ef40c21\" data-id=\"ef40c21\" data-element_type=\"column\">\n\t\t\t<div class=\"elementor-widget-wrap elementor-element-populated\">\n\t\t\t\t\t\t<div class=\"elementor-element elementor-element-0ca633d elementor-widget elementor-widget-image\" data-id=\"0ca633d\" data-element_type=\"widget\" data-widget_type=\"image.default\">\n\t\t\t\t<div class=\"elementor-widget-container\">\n\t\t\t\t\t\t\t\t\t\t\t\t\t\t\t<img decoding=\"async\" src=\"https:\/\/unifio.edu.br\/unifiohv\/wp-content\/uploads\/2023\/10\/Imagem-do-WhatsApp-de-2023-10-27-as-13.20.05_2a198d41.jpg\" title=\"Imagem do WhatsApp de 2023-10-27 \u00e0(s) 13.20.05_2a198d41\" alt=\"Imagem do WhatsApp de 2023-10-27 \u00e0(s) 13.20.05_2a198d41\" loading=\"lazy\" \/>\t\t\t\t\t\t\t\t\t\t\t\t\t\t\t<\/div>\n\t\t\t\t<\/div>\n\t\t\t\t<div class=\"elementor-element elementor-element-299fc36 elementor-widget elementor-widget-text-editor\" data-id=\"299fc36\" data-element_type=\"widget\" data-widget_type=\"text-editor.default\">\n\t\t\t\t<div class=\"elementor-widget-container\">\n\t\t\t\t\t\t\t\t\t<p>Laborat\u00f3rio de Reprodu\u00e7\u00e3o Animal<\/p>\t\t\t\t\t\t\t\t<\/div>\n\t\t\t\t<\/div>\n\t\t\t\t\t<\/div>\n\t\t<\/div>\n\t\t\t\t<div class=\"elementor-column elementor-col-33 elementor-top-column elementor-element elementor-element-3bb9ef0\" data-id=\"3bb9ef0\" data-element_type=\"column\">\n\t\t\t<div class=\"elementor-widget-wrap elementor-element-populated\">\n\t\t\t\t\t\t<div class=\"elementor-element elementor-element-a847840 elementor-widget elementor-widget-image\" data-id=\"a847840\" data-element_type=\"widget\" data-widget_type=\"image.default\">\n\t\t\t\t<div class=\"elementor-widget-container\">\n\t\t\t\t\t\t\t\t\t\t\t\t\t\t\t<img decoding=\"async\" src=\"https:\/\/unifio.edu.br\/unifiohv\/wp-content\/uploads\/2023\/10\/Imagem-do-WhatsApp-de-2023-10-27-as-13.20.05_0de49475.jpg\" title=\"Imagem do WhatsApp de 2023-10-27 \u00e0(s) 13.20.05_0de49475\" alt=\"Imagem do WhatsApp de 2023-10-27 \u00e0(s) 13.20.05_0de49475\" loading=\"lazy\" \/>\t\t\t\t\t\t\t\t\t\t\t\t\t\t\t<\/div>\n\t\t\t\t<\/div>\n\t\t\t\t<div class=\"elementor-element elementor-element-066b81d elementor-widget elementor-widget-text-editor\" data-id=\"066b81d\" data-element_type=\"widget\" data-widget_type=\"text-editor.default\">\n\t\t\t\t<div class=\"elementor-widget-container\">\n\t\t\t\t\t\t\t\t\t<p>Laborat\u00f3rio de Reprodu\u00e7\u00e3o Animal<\/p>\t\t\t\t\t\t\t\t<\/div>\n\t\t\t\t<\/div>\n\t\t\t\t\t<\/div>\n\t\t<\/div>\n\t\t\t\t<div class=\"elementor-column elementor-col-33 elementor-top-column elementor-element elementor-element-6d278aa\" data-id=\"6d278aa\" data-element_type=\"column\">\n\t\t\t<div class=\"elementor-widget-wrap elementor-element-populated\">\n\t\t\t\t\t\t<div class=\"elementor-element elementor-element-f34823d elementor-widget elementor-widget-image\" data-id=\"f34823d\" data-element_type=\"widget\" data-widget_type=\"image.default\">\n\t\t\t\t<div class=\"elementor-widget-container\">\n\t\t\t\t\t\t\t\t\t\t\t\t\t\t\t<img decoding=\"async\" src=\"https:\/\/unifio.edu.br\/unifiohv\/wp-content\/uploads\/2023\/10\/Imagem-do-WhatsApp-de-2023-10-27-as-13.20.05_60dca89a.jpg\" title=\"Imagem do WhatsApp de 2023-10-27 \u00e0(s) 13.20.05_60dca89a\" alt=\"Imagem do WhatsApp de 2023-10-27 \u00e0(s) 13.20.05_60dca89a\" loading=\"lazy\" \/>\t\t\t\t\t\t\t\t\t\t\t\t\t\t\t<\/div>\n\t\t\t\t<\/div>\n\t\t\t\t<div class=\"elementor-element elementor-element-12d3763 elementor-widget elementor-widget-text-editor\" data-id=\"12d3763\" data-element_type=\"widget\" data-widget_type=\"text-editor.default\">\n\t\t\t\t<div class=\"elementor-widget-container\">\n\t\t\t\t\t\t\t\t\t<p>Laborat\u00f3rio de Reprodu\u00e7\u00e3o Animal<\/p>\t\t\t\t\t\t\t\t<\/div>\n\t\t\t\t<\/div>\n\t\t\t\t\t<\/div>\n\t\t<\/div>\n\t\t\t\t\t<\/div>\n\t\t<\/section>\n\t\t\t\t<section class=\"elementor-section elementor-top-section elementor-element elementor-element-a54599d elementor-section-boxed elementor-section-height-default elementor-section-height-default\" data-id=\"a54599d\" data-element_type=\"section\">\n\t\t\t\t\t\t<div class=\"elementor-container elementor-column-gap-default\">\n\t\t\t\t\t<div class=\"elementor-column elementor-col-100 elementor-top-column elementor-element elementor-element-4df96b6\" data-id=\"4df96b6\" data-element_type=\"column\">\n\t\t\t<div class=\"elementor-widget-wrap elementor-element-populated\">\n\t\t\t\t\t\t<div class=\"elementor-element elementor-element-4ffb957 elementor-widget elementor-widget-spacer\" data-id=\"4ffb957\" data-element_type=\"widget\" data-widget_type=\"spacer.default\">\n\t\t\t\t<div class=\"elementor-widget-container\">\n\t\t\t\t\t\t\t<div class=\"elementor-spacer\">\n\t\t\t<div class=\"elementor-spacer-inner\"><\/div>\n\t\t<\/div>\n\t\t\t\t\t\t<\/div>\n\t\t\t\t<\/div>\n\t\t\t\t\t<\/div>\n\t\t<\/div>\n\t\t\t\t\t<\/div>\n\t\t<\/section>\n\t\t\t\t<section class=\"elementor-section elementor-top-section elementor-element elementor-element-7925d58 elementor-section-boxed elementor-section-height-default elementor-section-height-default\" data-id=\"7925d58\" data-element_type=\"section\">\n\t\t\t\t\t\t<div class=\"elementor-container elementor-column-gap-default\">\n\t\t\t\t\t<div class=\"elementor-column elementor-col-33 elementor-top-column elementor-element elementor-element-0a5dd47\" data-id=\"0a5dd47\" data-element_type=\"column\">\n\t\t\t<div class=\"elementor-widget-wrap elementor-element-populated\">\n\t\t\t\t\t\t<div class=\"elementor-element elementor-element-92ae172 elementor-widget elementor-widget-image\" data-id=\"92ae172\" data-element_type=\"widget\" data-widget_type=\"image.default\">\n\t\t\t\t<div class=\"elementor-widget-container\">\n\t\t\t\t\t\t\t\t\t\t\t\t\t\t\t<img decoding=\"async\" src=\"https:\/\/unifio.edu.br\/unifiohv\/wp-content\/uploads\/2023\/10\/Imagem-do-WhatsApp-de-2023-10-27-as-13.17.47_1149eb8c.jpg\" title=\"Imagem do WhatsApp de 2023-10-27 \u00e0(s) 13.17.47_1149eb8c\" alt=\"Imagem do WhatsApp de 2023-10-27 \u00e0(s) 13.17.47_1149eb8c\" loading=\"lazy\" \/>\t\t\t\t\t\t\t\t\t\t\t\t\t\t\t<\/div>\n\t\t\t\t<\/div>\n\t\t\t\t<div class=\"elementor-element elementor-element-4b250b0 elementor-widget elementor-widget-text-editor\" data-id=\"4b250b0\" data-element_type=\"widget\" data-widget_type=\"text-editor.default\">\n\t\t\t\t<div class=\"elementor-widget-container\">\n\t\t\t\t\t\t\t\t\t<p>Manequim para coleta de s\u00eamen de garanh\u00e3o<\/p>\t\t\t\t\t\t\t\t<\/div>\n\t\t\t\t<\/div>\n\t\t\t\t\t<\/div>\n\t\t<\/div>\n\t\t\t\t<div class=\"elementor-column elementor-col-33 elementor-top-column elementor-element elementor-element-e3d692e\" data-id=\"e3d692e\" data-element_type=\"column\">\n\t\t\t<div class=\"elementor-widget-wrap elementor-element-populated\">\n\t\t\t\t\t\t<div class=\"elementor-element elementor-element-ad8ebe9 elementor-widget elementor-widget-image\" data-id=\"ad8ebe9\" data-element_type=\"widget\" data-widget_type=\"image.default\">\n\t\t\t\t<div class=\"elementor-widget-container\">\n\t\t\t\t\t\t\t\t\t\t\t\t\t\t\t<img decoding=\"async\" src=\"https:\/\/unifio.edu.br\/unifiohv\/wp-content\/uploads\/2023\/10\/Imagem-do-WhatsApp-de-2023-10-27-as-13.17.48_4939de96.jpg\" title=\"Imagem do WhatsApp de 2023-10-27 \u00e0(s) 13.17.48_4939de96\" alt=\"Imagem do WhatsApp de 2023-10-27 \u00e0(s) 13.17.48_4939de96\" loading=\"lazy\" \/>\t\t\t\t\t\t\t\t\t\t\t\t\t\t\t<\/div>\n\t\t\t\t<\/div>\n\t\t\t\t<div class=\"elementor-element elementor-element-a361cc8 elementor-widget elementor-widget-text-editor\" data-id=\"a361cc8\" data-element_type=\"widget\" data-widget_type=\"text-editor.default\">\n\t\t\t\t<div class=\"elementor-widget-container\">\n\t\t\t\t\t\t\t\t\t<p>Manequim para coleta de s\u00eamen de garanh\u00e3o<br><\/p>\t\t\t\t\t\t\t\t<\/div>\n\t\t\t\t<\/div>\n\t\t\t\t\t<\/div>\n\t\t<\/div>\n\t\t\t\t<div class=\"elementor-column elementor-col-33 elementor-top-column elementor-element elementor-element-42ce892\" data-id=\"42ce892\" data-element_type=\"column\">\n\t\t\t<div class=\"elementor-widget-wrap elementor-element-populated\">\n\t\t\t\t\t\t<div class=\"elementor-element elementor-element-da94609 elementor-widget elementor-widget-image\" data-id=\"da94609\" data-element_type=\"widget\" data-widget_type=\"image.default\">\n\t\t\t\t<div class=\"elementor-widget-container\">\n\t\t\t\t\t\t\t\t\t\t\t\t\t\t\t<img decoding=\"async\" src=\"https:\/\/unifio.edu.br\/unifiohv\/wp-content\/uploads\/2023\/10\/Imagem-do-WhatsApp-de-2023-10-27-as-13.18.30_9e4a644f.jpg\" title=\"Imagem do WhatsApp de 2023-10-27 \u00e0(s) 13.18.30_9e4a644f\" alt=\"Imagem do WhatsApp de 2023-10-27 \u00e0(s) 13.18.30_9e4a644f\" loading=\"lazy\" \/>\t\t\t\t\t\t\t\t\t\t\t\t\t\t\t<\/div>\n\t\t\t\t<\/div>\n\t\t\t\t<div class=\"elementor-element elementor-element-d9bee54 elementor-widget elementor-widget-text-editor\" data-id=\"d9bee54\" data-element_type=\"widget\" data-widget_type=\"text-editor.default\">\n\t\t\t\t<div class=\"elementor-widget-container\">\n\t\t\t\t\t\t\t\t\t<p>Tronco para conten\u00e7\u00e3o de \u00e9gua (utilizado em insemina\u00e7\u00e3o artificial e exame ginecol\u00f3gico)<br><\/p>\t\t\t\t\t\t\t\t<\/div>\n\t\t\t\t<\/div>\n\t\t\t\t\t<\/div>\n\t\t<\/div>\n\t\t\t\t\t<\/div>\n\t\t<\/section>\n\t\t\t\t<\/div>\n\t\t","protected":false},"excerpt":{"rendered":"<p>O setor oferece atendimentos obst\u00e9tricos e reprodutivos nas esp\u00e9cies dom\u00e9sticas, acompanhamento do ciclo estral, exame ginecol\u00f3gico, exame androl\u00f3gico, avalia\u00e7\u00e3o e congela\u00e7\u00e3o de s\u00eamen, diagn\u00f3stico e acompanhamento da gesta\u00e7\u00e3o, atendimento ao parto, cirurgias obst\u00e9tricas (cesariana, cirurgias de per\u00edneo, vulvoplastias, fetotomia e mastectomia). Ainda, o setor oferece na \u00e1rea da biotecnologia da reprodu\u00e7\u00e3o animal os servi\u00e7os de [&hellip;]<\/p>\n","protected":false},"author":2,"featured_media":0,"parent":0,"menu_order":0,"comment_status":"closed","ping_status":"closed","template":"","meta":{"footnotes":""},"_links":{"self":[{"href":"https:\/\/unifio.edu.br\/unifiohv\/wp-json\/wp\/v2\/pages\/707"}],"collection":[{"href":"https:\/\/unifio.edu.br\/unifiohv\/wp-json\/wp\/v2\/pages"}],"about":[{"href":"https:\/\/unifio.edu.br\/unifiohv\/wp-json\/wp\/v2\/types\/page"}],"author":[{"embeddable":true,"href":"https:\/\/unifio.edu.br\/unifiohv\/wp-json\/wp\/v2\/users\/2"}],"replies":[{"embeddable":true,"href":"https:\/\/unifio.edu.br\/unifiohv\/wp-json\/wp\/v2\/comments?post=707"}],"version-history":[{"count":39,"href":"https:\/\/unifio.edu.br\/unifiohv\/wp-json\/wp\/v2\/pages\/707\/revisions"}],"predecessor-version":[{"id":2720,"href":"https:\/\/unifio.edu.br\/unifiohv\/wp-json\/wp\/v2\/pages\/707\/revisions\/2720"}],"wp:attachment":[{"href":"https:\/\/unifio.edu.br\/unifiohv\/wp-json\/wp\/v2\/media?parent=707"}],"curies":[{"name":"wp","href":"https:\/\/api.w.org\/{rel}","templated":true}]}}