{"id":718,"date":"2018-11-28T16:53:16","date_gmt":"2018-11-28T18:53:16","guid":{"rendered":"http:\/\/fio.edu.br\/fiohv\/?page_id=718"},"modified":"2023-10-28T13:09:29","modified_gmt":"2023-10-28T16:09:29","slug":"graduacao","status":"publish","type":"page","link":"https:\/\/unifio.edu.br\/unifiohv\/graduacao\/","title":{"rendered":"GRADUA\u00c7\u00c3O"},"content":{"rendered":"\t\t<div data-elementor-type=\"wp-page\" data-elementor-id=\"718\" class=\"elementor elementor-718\">\n\t\t\t\t\t\t<section class=\"elementor-section elementor-top-section elementor-element elementor-element-8cf7d60 elementor-section-stretched elementor-section-boxed elementor-section-height-default elementor-section-height-default\" data-id=\"8cf7d60\" data-element_type=\"section\" data-settings=\"{&quot;stretch_section&quot;:&quot;section-stretched&quot;}\">\n\t\t\t\t\t\t<div class=\"elementor-container elementor-column-gap-default\">\n\t\t\t\t\t<div class=\"elementor-column elementor-col-100 elementor-top-column elementor-element elementor-element-32f935f\" data-id=\"32f935f\" data-element_type=\"column\">\n\t\t\t<div class=\"elementor-widget-wrap elementor-element-populated\">\n\t\t\t\t\t\t<div class=\"elementor-element elementor-element-58d78a3 elementor-widget elementor-widget-heading\" data-id=\"58d78a3\" data-element_type=\"widget\" data-widget_type=\"heading.default\">\n\t\t\t\t<div class=\"elementor-widget-container\">\n\t\t\t\t\t<h2 class=\"elementor-heading-title elementor-size-default\">Apresenta\u00e7\u00e3o do Curso de Medicina Veterin\u00e1ria<\/h2>\t\t\t\t<\/div>\n\t\t\t\t<\/div>\n\t\t\t\t\t<\/div>\n\t\t<\/div>\n\t\t\t\t<div class=\"elementor-column elementor-col-100 elementor-top-column elementor-element elementor-element-e85b012\" data-id=\"e85b012\" data-element_type=\"column\">\n\t\t\t<div class=\"elementor-widget-wrap elementor-element-populated\">\n\t\t\t\t\t\t<div class=\"elementor-element elementor-element-3f2be34 elementor-widget elementor-widget-image\" data-id=\"3f2be34\" data-element_type=\"widget\" data-widget_type=\"image.default\">\n\t\t\t\t<div class=\"elementor-widget-container\">\n\t\t\t\t\t\t\t\t\t\t\t\t\t\t\t<img fetchpriority=\"high\" decoding=\"async\" width=\"771\" height=\"250\" src=\"https:\/\/unifio.edu.br\/unifiohv\/wp-content\/uploads\/2023\/10\/Unifio-Logo-Azul-1024x332.png\" class=\"attachment-large size-large wp-image-2564\" alt=\"\" srcset=\"https:\/\/unifio.edu.br\/unifiohv\/wp-content\/uploads\/2023\/10\/Unifio-Logo-Azul-1024x332.png 1024w, https:\/\/unifio.edu.br\/unifiohv\/wp-content\/uploads\/2023\/10\/Unifio-Logo-Azul-300x97.png 300w, https:\/\/unifio.edu.br\/unifiohv\/wp-content\/uploads\/2023\/10\/Unifio-Logo-Azul-768x249.png 768w, https:\/\/unifio.edu.br\/unifiohv\/wp-content\/uploads\/2023\/10\/Unifio-Logo-Azul-1536x497.png 1536w, https:\/\/unifio.edu.br\/unifiohv\/wp-content\/uploads\/2023\/10\/Unifio-Logo-Azul-400x130.png 400w, https:\/\/unifio.edu.br\/unifiohv\/wp-content\/uploads\/2023\/10\/Unifio-Logo-Azul.png 1600w\" sizes=\"(max-width: 771px) 100vw, 771px\" \/>\t\t\t\t\t\t\t\t\t\t\t\t\t\t\t<\/div>\n\t\t\t\t<\/div>\n\t\t\t\t\t<\/div>\n\t\t<\/div>\n\t\t\t\t\t<\/div>\n\t\t<\/section>\n\t\t\t\t<section class=\"elementor-section elementor-top-section elementor-element elementor-element-71f1e96 elementor-section-stretched elementor-section-boxed elementor-section-height-default elementor-section-height-default\" data-id=\"71f1e96\" data-element_type=\"section\" data-settings=\"{&quot;stretch_section&quot;:&quot;section-stretched&quot;}\">\n\t\t\t\t\t\t<div class=\"elementor-container elementor-column-gap-default\">\n\t\t\t\t\t<div class=\"elementor-column elementor-col-100 elementor-top-column elementor-element elementor-element-f36324b\" data-id=\"f36324b\" data-element_type=\"column\">\n\t\t\t<div class=\"elementor-widget-wrap elementor-element-populated\">\n\t\t\t\t\t\t<div class=\"elementor-element elementor-element-17a71f3 elementor-widget elementor-widget-text-editor\" data-id=\"17a71f3\" data-element_type=\"widget\" data-widget_type=\"text-editor.default\">\n\t\t\t\t<div class=\"elementor-widget-container\">\n\t\t\t\t\t\t\t\t\t<p><span class=\"TextRun SCXW7982784\" lang=\"PT-BR\" xml:lang=\"PT-BR\">O curso de Medicina Veterin\u00e1ria das UNIFIO forma profissionais generalistas aptos \u00e0s pr\u00e1ticas impl\u00edcitas nas mais diversas \u00e1reas. Possui um programa te\u00f3rico-pr\u00e1tico preparado por um corpo docente qualificado, o curso\u202fconta com o Centro M\u00e9dico Veterin\u00e1rio <span class=\"textrun\">\u201cRoque&nbsp;<\/span><span xml:lang=\"PT-BR\"><span class=\"spellingerror\">Quagliato<\/span><\/span><span xml:lang=\"PT-BR\"><span class=\"textrun\">\u201d<\/span><\/span><\/span><span class=\"TextRun SCXW7982784\" lang=\"PT-BR\" xml:lang=\"PT-BR\">, o qual possui modernas instala\u00e7\u00f5es e apresenta n\u00fameros crescentes no atendimento a grandes e pequenos animais. H\u00e1 tamb\u00e9m a Fazenda Experimental com cria\u00e7\u00e3o de ovinos, caprinos, equinos e bovinos, com curral de manejo moderno e seguro, laborat\u00f3rio de reprodu\u00e7\u00e3o animal e sistema de ordenha canalizado fechado. A Institui\u00e7\u00e3o proporciona est\u00e1gios remunerados nos diversos setores do&nbsp;<\/span><span style=\"font-weight: var( --e-global-typography-text-font-weight );\">Centro M\u00e9dico Veterin\u00e1rio<\/span><span class=\"TextRun SCXW7982784\" lang=\"PT-BR\" xml:lang=\"PT-BR\" style=\"font-weight: var( --e-global-typography-text-font-weight );\">&nbsp;<span class=\"textrun\">\u201cRoque&nbsp;<\/span><span xml:lang=\"PT-BR\"><span class=\"spellingerror\">Quagliato<\/span><\/span><span xml:lang=\"PT-BR\"><span class=\"textrun\">\u201d<\/span><\/span><\/span><span class=\"TextRun SCXW7982784\" lang=\"PT-BR\" xml:lang=\"PT-BR\" style=\"font-weight: var( --e-global-typography-text-font-weight );\">&nbsp;e Fazenda Experimental, de acordo com as normas do CIEE. Os alunos t\u00eam a oportunidade de vivenciar a pr\u00e1tica por meio do \u201crod\u00edzio&#8221; nos diversos setores. O curso de Medicina Veterin\u00e1ria tem como pilar de sustenta\u00e7\u00e3o um corpo docente formado por mestres e doutores comprometidos com o trabalho, altamente qualificados que medeiam a teoria e a pr\u00e1tica para o ensino, pesquisa e extens\u00e3o. O curso tamb\u00e9m oferece o programa de aprimoramento, que \u00e9 uma modalidade de ensino de p\u00f3s-gradua\u00e7\u00e3o, destinada a m\u00e9dicos veterin\u00e1rios.\u202f<\/span><\/p>\t\t\t\t\t\t\t\t<\/div>\n\t\t\t\t<\/div>\n\t\t\t\t\t<\/div>\n\t\t<\/div>\n\t\t\t\t\t<\/div>\n\t\t<\/section>\n\t\t\t\t<section class=\"elementor-section elementor-top-section elementor-element elementor-element-54f1d24 elementor-section-stretched elementor-section-boxed elementor-section-height-default elementor-section-height-default\" data-id=\"54f1d24\" data-element_type=\"section\" data-settings=\"{&quot;stretch_section&quot;:&quot;section-stretched&quot;}\">\n\t\t\t\t\t\t<div class=\"elementor-container elementor-column-gap-default\">\n\t\t\t\t\t<div class=\"elementor-column elementor-col-100 elementor-top-column elementor-element elementor-element-297970d\" data-id=\"297970d\" data-element_type=\"column\">\n\t\t\t<div class=\"elementor-widget-wrap elementor-element-populated\">\n\t\t\t\t\t\t<div class=\"elementor-element elementor-element-a5b2a84 elementor-widget elementor-widget-spacer\" data-id=\"a5b2a84\" data-element_type=\"widget\" data-widget_type=\"spacer.default\">\n\t\t\t\t<div class=\"elementor-widget-container\">\n\t\t\t\t\t\t\t<div class=\"elementor-spacer\">\n\t\t\t<div class=\"elementor-spacer-inner\"><\/div>\n\t\t<\/div>\n\t\t\t\t\t\t<\/div>\n\t\t\t\t<\/div>\n\t\t\t\t\t<\/div>\n\t\t<\/div>\n\t\t\t\t\t<\/div>\n\t\t<\/section>\n\t\t\t\t<section class=\"elementor-section elementor-top-section elementor-element elementor-element-6e0ae45 elementor-section-stretched elementor-section-boxed elementor-section-height-default elementor-section-height-default\" data-id=\"6e0ae45\" data-element_type=\"section\" data-settings=\"{&quot;stretch_section&quot;:&quot;section-stretched&quot;}\">\n\t\t\t\t\t\t<div class=\"elementor-container elementor-column-gap-default\">\n\t\t\t\t\t<div class=\"elementor-column elementor-col-100 elementor-top-column elementor-element elementor-element-7185604\" data-id=\"7185604\" data-element_type=\"column\">\n\t\t\t<div class=\"elementor-widget-wrap elementor-element-populated\">\n\t\t\t\t\t\t<div class=\"elementor-element elementor-element-b6df688 elementor-widget elementor-widget-heading\" data-id=\"b6df688\" data-element_type=\"widget\" data-widget_type=\"heading.default\">\n\t\t\t\t<div class=\"elementor-widget-container\">\n\t\t\t\t\t<h2 class=\"elementor-heading-title elementor-size-default\">Para maiores informa\u00e7\u00f5es, acesse o site pelo link abaixo:<\/h2>\t\t\t\t<\/div>\n\t\t\t\t<\/div>\n\t\t\t\t\t<\/div>\n\t\t<\/div>\n\t\t\t\t\t<\/div>\n\t\t<\/section>\n\t\t\t\t<section class=\"elementor-section elementor-top-section elementor-element elementor-element-06b9fd5 elementor-section-boxed elementor-section-height-default elementor-section-height-default\" data-id=\"06b9fd5\" data-element_type=\"section\">\n\t\t\t\t\t\t<div class=\"elementor-container elementor-column-gap-default\">\n\t\t\t\t\t<div class=\"elementor-column elementor-col-50 elementor-top-column elementor-element elementor-element-7e2371a\" data-id=\"7e2371a\" data-element_type=\"column\">\n\t\t\t<div class=\"elementor-widget-wrap elementor-element-populated\">\n\t\t\t\t\t\t<div class=\"elementor-element elementor-element-f07aae4 elementor-widget elementor-widget-heading\" data-id=\"f07aae4\" data-element_type=\"widget\" data-widget_type=\"heading.default\">\n\t\t\t\t<div class=\"elementor-widget-container\">\n\t\t\t\t\t<h2 class=\"elementor-heading-title elementor-size-large\">MEDICINA VETERIN\u00c1RIA INTEGRAL<\/h2>\t\t\t\t<\/div>\n\t\t\t\t<\/div>\n\t\t\t\t\t<\/div>\n\t\t<\/div>\n\t\t\t\t<div class=\"elementor-column elementor-col-50 elementor-top-column elementor-element elementor-element-a18c1c1\" data-id=\"a18c1c1\" data-element_type=\"column\">\n\t\t\t<div class=\"elementor-widget-wrap elementor-element-populated\">\n\t\t\t\t\t\t<div class=\"elementor-element elementor-element-f30eb10 elementor-button-info elementor-align-center elementor-widget elementor-widget-button\" data-id=\"f30eb10\" data-element_type=\"widget\" data-widget_type=\"button.default\">\n\t\t\t\t<div class=\"elementor-widget-container\">\n\t\t\t\t\t\t\t\t\t<div class=\"elementor-button-wrapper\">\n\t\t\t\t\t<a class=\"elementor-button elementor-button-link elementor-size-xl\" href=\"http:\/\/www.unifio.edu.br\/course\/medicina-veterinaria-integral\/\" target=\"_blank\">\n\t\t\t\t\t\t<span class=\"elementor-button-content-wrapper\">\n\t\t\t\t\t\t\t\t\t<span class=\"elementor-button-text\">Clique aqui<\/span>\n\t\t\t\t\t<\/span>\n\t\t\t\t\t<\/a>\n\t\t\t\t<\/div>\n\t\t\t\t\t\t\t\t<\/div>\n\t\t\t\t<\/div>\n\t\t\t\t\t<\/div>\n\t\t<\/div>\n\t\t\t\t\t<\/div>\n\t\t<\/section>\n\t\t\t\t<section class=\"elementor-section elementor-top-section elementor-element elementor-element-72b41b3 elementor-section-boxed elementor-section-height-default elementor-section-height-default\" data-id=\"72b41b3\" data-element_type=\"section\">\n\t\t\t\t\t\t<div class=\"elementor-container elementor-column-gap-default\">\n\t\t\t\t\t<div class=\"elementor-column elementor-col-100 elementor-top-column elementor-element elementor-element-891d3c2\" data-id=\"891d3c2\" data-element_type=\"column\">\n\t\t\t<div class=\"elementor-widget-wrap elementor-element-populated\">\n\t\t\t\t\t\t<div class=\"elementor-element elementor-element-6e2a39e elementor-widget-divider--view-line elementor-widget elementor-widget-divider\" data-id=\"6e2a39e\" data-element_type=\"widget\" data-widget_type=\"divider.default\">\n\t\t\t\t<div class=\"elementor-widget-container\">\n\t\t\t\t\t\t\t<div class=\"elementor-divider\">\n\t\t\t<span class=\"elementor-divider-separator\">\n\t\t\t\t\t\t<\/span>\n\t\t<\/div>\n\t\t\t\t\t\t<\/div>\n\t\t\t\t<\/div>\n\t\t\t\t\t<\/div>\n\t\t<\/div>\n\t\t\t\t\t<\/div>\n\t\t<\/section>\n\t\t\t\t<section class=\"elementor-section elementor-top-section elementor-element elementor-element-bd9aaa1 elementor-section-boxed elementor-section-height-default elementor-section-height-default\" data-id=\"bd9aaa1\" data-element_type=\"section\">\n\t\t\t\t\t\t<div class=\"elementor-container elementor-column-gap-default\">\n\t\t\t\t\t<div class=\"elementor-column elementor-col-50 elementor-top-column elementor-element elementor-element-2fceb9d\" data-id=\"2fceb9d\" data-element_type=\"column\">\n\t\t\t<div class=\"elementor-widget-wrap elementor-element-populated\">\n\t\t\t\t\t\t<div class=\"elementor-element elementor-element-9bebcdc elementor-widget elementor-widget-heading\" data-id=\"9bebcdc\" data-element_type=\"widget\" data-widget_type=\"heading.default\">\n\t\t\t\t<div class=\"elementor-widget-container\">\n\t\t\t\t\t<h2 class=\"elementor-heading-title elementor-size-large\">MEDICINA VETERIN\u00c1RIA NOTURNO<\/h2>\t\t\t\t<\/div>\n\t\t\t\t<\/div>\n\t\t\t\t\t<\/div>\n\t\t<\/div>\n\t\t\t\t<div class=\"elementor-column elementor-col-50 elementor-top-column elementor-element elementor-element-24f085b\" data-id=\"24f085b\" data-element_type=\"column\">\n\t\t\t<div class=\"elementor-widget-wrap elementor-element-populated\">\n\t\t\t\t\t\t<div class=\"elementor-element elementor-element-204fdf2 elementor-button-info elementor-align-center elementor-widget elementor-widget-button\" data-id=\"204fdf2\" data-element_type=\"widget\" data-widget_type=\"button.default\">\n\t\t\t\t<div class=\"elementor-widget-container\">\n\t\t\t\t\t\t\t\t\t<div class=\"elementor-button-wrapper\">\n\t\t\t\t\t<a class=\"elementor-button elementor-button-link elementor-size-xl\" href=\"http:\/\/www.unifio.edu.br\/course\/medicina-veterinaria-noturno\/\" target=\"_blank\">\n\t\t\t\t\t\t<span class=\"elementor-button-content-wrapper\">\n\t\t\t\t\t\t\t\t\t<span class=\"elementor-button-text\">Clique aqui<\/span>\n\t\t\t\t\t<\/span>\n\t\t\t\t\t<\/a>\n\t\t\t\t<\/div>\n\t\t\t\t\t\t\t\t<\/div>\n\t\t\t\t<\/div>\n\t\t\t\t\t<\/div>\n\t\t<\/div>\n\t\t\t\t\t<\/div>\n\t\t<\/section>\n\t\t\t\t<\/div>\n\t\t","protected":false},"excerpt":{"rendered":"<p>Apresenta\u00e7\u00e3o do Curso de Medicina Veterin\u00e1ria O curso de Medicina Veterin\u00e1ria das UNIFIO forma profissionais generalistas aptos \u00e0s pr\u00e1ticas impl\u00edcitas nas mais diversas \u00e1reas. Possui um programa te\u00f3rico-pr\u00e1tico preparado por um corpo docente qualificado, o curso\u202fconta com o Centro M\u00e9dico Veterin\u00e1rio \u201cRoque&nbsp;Quagliato\u201d, o qual possui modernas instala\u00e7\u00f5es e apresenta n\u00fameros crescentes no atendimento a grandes [&hellip;]<\/p>\n","protected":false},"author":2,"featured_media":0,"parent":0,"menu_order":0,"comment_status":"closed","ping_status":"closed","template":"","meta":{"footnotes":""},"_links":{"self":[{"href":"https:\/\/unifio.edu.br\/unifiohv\/wp-json\/wp\/v2\/pages\/718"}],"collection":[{"href":"https:\/\/unifio.edu.br\/unifiohv\/wp-json\/wp\/v2\/pages"}],"about":[{"href":"https:\/\/unifio.edu.br\/unifiohv\/wp-json\/wp\/v2\/types\/page"}],"author":[{"embeddable":true,"href":"https:\/\/unifio.edu.br\/unifiohv\/wp-json\/wp\/v2\/users\/2"}],"replies":[{"embeddable":true,"href":"https:\/\/unifio.edu.br\/unifiohv\/wp-json\/wp\/v2\/comments?post=718"}],"version-history":[{"count":17,"href":"https:\/\/unifio.edu.br\/unifiohv\/wp-json\/wp\/v2\/pages\/718\/revisions"}],"predecessor-version":[{"id":2750,"href":"https:\/\/unifio.edu.br\/unifiohv\/wp-json\/wp\/v2\/pages\/718\/revisions\/2750"}],"wp:attachment":[{"href":"https:\/\/unifio.edu.br\/unifiohv\/wp-json\/wp\/v2\/media?parent=718"}],"curies":[{"name":"wp","href":"https:\/\/api.w.org\/{rel}","templated":true}]}}