{"id":720,"date":"2018-11-28T16:53:28","date_gmt":"2018-11-28T18:53:28","guid":{"rendered":"http:\/\/fio.edu.br\/fiohv\/?page_id=720"},"modified":"2023-10-28T13:10:14","modified_gmt":"2023-10-28T16:10:14","slug":"contato","status":"publish","type":"page","link":"https:\/\/unifio.edu.br\/unifiohv\/contato\/","title":{"rendered":"CONTATO"},"content":{"rendered":"\t\t<div data-elementor-type=\"wp-page\" data-elementor-id=\"720\" class=\"elementor elementor-720\">\n\t\t\t\t\t\t<section class=\"elementor-section elementor-top-section elementor-element elementor-element-ece4133 elementor-section-stretched elementor-section-boxed elementor-section-height-default elementor-section-height-default\" data-id=\"ece4133\" data-element_type=\"section\" data-settings=\"{&quot;stretch_section&quot;:&quot;section-stretched&quot;}\">\n\t\t\t\t\t\t<div class=\"elementor-container elementor-column-gap-default\">\n\t\t\t\t\t<div class=\"elementor-column elementor-col-100 elementor-top-column elementor-element elementor-element-97b933b\" data-id=\"97b933b\" data-element_type=\"column\">\n\t\t\t<div class=\"elementor-widget-wrap elementor-element-populated\">\n\t\t\t\t\t\t<div class=\"elementor-element elementor-element-b31de30 elementor-widget elementor-widget-heading\" data-id=\"b31de30\" data-element_type=\"widget\" data-widget_type=\"heading.default\">\n\t\t\t\t<div class=\"elementor-widget-container\">\n\t\t\t\t\t<h2 class=\"elementor-heading-title elementor-size-default\">Secretaria do Centro M\u00e9dico Veterin\u00e1rio<\/h2>\t\t\t\t<\/div>\n\t\t\t\t<\/div>\n\t\t\t\t\t<\/div>\n\t\t<\/div>\n\t\t\t\t\t<\/div>\n\t\t<\/section>\n\t\t\t\t<section class=\"elementor-section elementor-top-section elementor-element elementor-element-4b6463d elementor-section-boxed elementor-section-height-default elementor-section-height-default\" data-id=\"4b6463d\" data-element_type=\"section\">\n\t\t\t\t\t\t<div class=\"elementor-container elementor-column-gap-default\">\n\t\t\t\t\t<div class=\"elementor-column elementor-col-25 elementor-top-column elementor-element elementor-element-b92f4a8\" data-id=\"b92f4a8\" data-element_type=\"column\">\n\t\t\t<div class=\"elementor-widget-wrap elementor-element-populated\">\n\t\t\t\t\t\t<div class=\"elementor-element elementor-element-23b4e60 elementor-widget elementor-widget-image\" data-id=\"23b4e60\" data-element_type=\"widget\" data-widget_type=\"image.default\">\n\t\t\t\t<div class=\"elementor-widget-container\">\n\t\t\t\t\t\t\t\t\t\t\t\t\t\t\t<img fetchpriority=\"high\" decoding=\"async\" width=\"771\" height=\"913\" src=\"https:\/\/unifio.edu.br\/unifiohv\/wp-content\/uploads\/2022\/04\/TANIA.jpg\" class=\"attachment-large size-large wp-image-2145\" alt=\"\" srcset=\"https:\/\/unifio.edu.br\/unifiohv\/wp-content\/uploads\/2022\/04\/TANIA.jpg 850w, https:\/\/unifio.edu.br\/unifiohv\/wp-content\/uploads\/2022\/04\/TANIA-253x300.jpg 253w, https:\/\/unifio.edu.br\/unifiohv\/wp-content\/uploads\/2022\/04\/TANIA-768x910.jpg 768w\" sizes=\"(max-width: 771px) 100vw, 771px\" \/>\t\t\t\t\t\t\t\t\t\t\t\t\t\t\t<\/div>\n\t\t\t\t<\/div>\n\t\t\t\t\t<\/div>\n\t\t<\/div>\n\t\t\t\t<div class=\"elementor-column elementor-col-25 elementor-top-column elementor-element elementor-element-6391ff3\" data-id=\"6391ff3\" data-element_type=\"column\">\n\t\t\t<div class=\"elementor-widget-wrap elementor-element-populated\">\n\t\t\t\t\t\t<div class=\"elementor-element elementor-element-eb872eb elementor-widget elementor-widget-text-editor\" data-id=\"eb872eb\" data-element_type=\"widget\" data-widget_type=\"text-editor.default\">\n\t\t\t\t<div class=\"elementor-widget-container\">\n\t\t\t\t\t\t\t\t\t<h2 style=\"color: #002d7a; font-family: Alice, sans-serif; font-size: 20px; font-style: italic;\">T\u00e2nia Camotti Testa<\/h2>\t\t\t\t\t\t\t\t<\/div>\n\t\t\t\t<\/div>\n\t\t\t\t\t<\/div>\n\t\t<\/div>\n\t\t\t\t<div class=\"elementor-column elementor-col-25 elementor-top-column elementor-element elementor-element-2144f87\" data-id=\"2144f87\" data-element_type=\"column\">\n\t\t\t<div class=\"elementor-widget-wrap\">\n\t\t\t\t\t\t\t<\/div>\n\t\t<\/div>\n\t\t\t\t<div class=\"elementor-column elementor-col-25 elementor-top-column elementor-element elementor-element-97c1ace\" data-id=\"97c1ace\" data-element_type=\"column\">\n\t\t\t<div class=\"elementor-widget-wrap\">\n\t\t\t\t\t\t\t<\/div>\n\t\t<\/div>\n\t\t\t\t\t<\/div>\n\t\t<\/section>\n\t\t\t\t<section class=\"elementor-section elementor-top-section elementor-element elementor-element-2e5eb02 elementor-section-boxed elementor-section-height-default elementor-section-height-default\" data-id=\"2e5eb02\" data-element_type=\"section\">\n\t\t\t\t\t\t<div class=\"elementor-container elementor-column-gap-default\">\n\t\t\t\t\t<div class=\"elementor-column elementor-col-100 elementor-top-column elementor-element elementor-element-1a43548\" data-id=\"1a43548\" data-element_type=\"column\">\n\t\t\t<div class=\"elementor-widget-wrap elementor-element-populated\">\n\t\t\t\t\t\t<div class=\"elementor-element elementor-element-e325b03 elementor-widget elementor-widget-text-editor\" data-id=\"e325b03\" data-element_type=\"widget\" data-widget_type=\"text-editor.default\">\n\t\t\t\t<div class=\"elementor-widget-container\">\n\t\t\t\t\t\t\t\t\t<p>\u00a0<\/p><p>Telefone: (14) 3302-6406<\/p><p>Celular \/ WhatsApp: (14) 99652-6944<\/p>\t\t\t\t\t\t\t\t<\/div>\n\t\t\t\t<\/div>\n\t\t\t\t\t<\/div>\n\t\t<\/div>\n\t\t\t\t\t<\/div>\n\t\t<\/section>\n\t\t\t\t<\/div>\n\t\t","protected":false},"excerpt":{"rendered":"<p>Secretaria do Centro M\u00e9dico Veterin\u00e1rio T\u00e2nia Camotti Testa \u00a0 Telefone: (14) 3302-6406 Celular \/ WhatsApp: (14) 99652-6944<\/p>\n","protected":false},"author":2,"featured_media":0,"parent":0,"menu_order":0,"comment_status":"closed","ping_status":"closed","template":"","meta":{"footnotes":""},"_links":{"self":[{"href":"https:\/\/unifio.edu.br\/unifiohv\/wp-json\/wp\/v2\/pages\/720"}],"collection":[{"href":"https:\/\/unifio.edu.br\/unifiohv\/wp-json\/wp\/v2\/pages"}],"about":[{"href":"https:\/\/unifio.edu.br\/unifiohv\/wp-json\/wp\/v2\/types\/page"}],"author":[{"embeddable":true,"href":"https:\/\/unifio.edu.br\/unifiohv\/wp-json\/wp\/v2\/users\/2"}],"replies":[{"embeddable":true,"href":"https:\/\/unifio.edu.br\/unifiohv\/wp-json\/wp\/v2\/comments?post=720"}],"version-history":[{"count":27,"href":"https:\/\/unifio.edu.br\/unifiohv\/wp-json\/wp\/v2\/pages\/720\/revisions"}],"predecessor-version":[{"id":2753,"href":"https:\/\/unifio.edu.br\/unifiohv\/wp-json\/wp\/v2\/pages\/720\/revisions\/2753"}],"wp:attachment":[{"href":"https:\/\/unifio.edu.br\/unifiohv\/wp-json\/wp\/v2\/media?parent=720"}],"curies":[{"name":"wp","href":"https:\/\/api.w.org\/{rel}","templated":true}]}}