{"id":846,"date":"2018-11-28T21:04:08","date_gmt":"2018-11-28T23:04:08","guid":{"rendered":"http:\/\/fio.edu.br\/fiohv\/?page_id=846"},"modified":"2023-10-24T17:22:51","modified_gmt":"2023-10-24T20:22:51","slug":"corpo-docente","status":"publish","type":"page","link":"https:\/\/unifio.edu.br\/unifiohv\/corpo-docente\/","title":{"rendered":"Corpo Docente"},"content":{"rendered":"\t\t<div data-elementor-type=\"wp-post\" data-elementor-id=\"846\" class=\"elementor elementor-846\">\n\t\t\t\t\t\t<section class=\"elementor-section elementor-top-section elementor-element elementor-element-6620c79 elementor-section-stretched elementor-section-boxed elementor-section-height-default elementor-section-height-default\" data-id=\"6620c79\" data-element_type=\"section\" data-settings=\"{&quot;stretch_section&quot;:&quot;section-stretched&quot;}\">\n\t\t\t\t\t\t<div class=\"elementor-container elementor-column-gap-default\">\n\t\t\t\t\t<div class=\"elementor-column elementor-col-100 elementor-top-column elementor-element elementor-element-46cfab8\" data-id=\"46cfab8\" data-element_type=\"column\">\n\t\t\t<div class=\"elementor-widget-wrap elementor-element-populated\">\n\t\t\t\t\t\t<div class=\"elementor-element elementor-element-65dad67 elementor-widget elementor-widget-heading\" data-id=\"65dad67\" data-element_type=\"widget\" data-widget_type=\"heading.default\">\n\t\t\t\t<div class=\"elementor-widget-container\">\n\t\t\t\t\t<h2 class=\"elementor-heading-title elementor-size-default\">Corpo Docente<\/h2>\t\t\t\t<\/div>\n\t\t\t\t<\/div>\n\t\t\t\t\t<\/div>\n\t\t<\/div>\n\t\t\t\t\t<\/div>\n\t\t<\/section>\n\t\t\t\t<section class=\"elementor-section elementor-top-section elementor-element elementor-element-5356edc elementor-section-boxed elementor-section-height-default elementor-section-height-default\" data-id=\"5356edc\" data-element_type=\"section\">\n\t\t\t\t\t\t<div class=\"elementor-container elementor-column-gap-default\">\n\t\t\t\t\t<div class=\"elementor-column elementor-col-100 elementor-top-column elementor-element elementor-element-d8f54b8\" data-id=\"d8f54b8\" data-element_type=\"column\">\n\t\t\t<div class=\"elementor-widget-wrap elementor-element-populated\">\n\t\t\t\t\t\t<div class=\"elementor-element elementor-element-7ee2867 elementor-widget elementor-widget-text-editor\" data-id=\"7ee2867\" data-element_type=\"widget\" data-widget_type=\"text-editor.default\">\n\t\t\t\t<div class=\"elementor-widget-container\">\n\t\t\t\t\t\t\t\t\t<table cellspacing=\"0\" cellpadding=\"0\">\n<tbody>\n<tr>\n<td valign=\"middle\"><span style=\"color: #00006d; font-family: Times; font-size: medium;\"><b>Docente<\/b><\/span><\/td>\n<td valign=\"middle\">\n<p align=\"center\"><span style=\"color: #00006d; font-family: Times; font-size: medium;\"><b>Titula\u00e7\u00e3o<\/b><\/span><\/p>\n<\/td>\n<\/tr>\n<tr>\n<td valign=\"middle\"><span style=\"color: #000000; font-family: Times; font-size: medium;\">Prof. Me. Adrielle Levatti<\/span><\/td>\n<td valign=\"middle\">\n<p align=\"center\"><span style=\"color: #000000; font-family: Times; font-size: medium;\">Mestre<\/span><\/p>\n<\/td>\n<\/tr>\n<tr>\n<td valign=\"middle\"><span style=\"color: #000000; font-family: Times; font-size: medium;\">Prof. Me. Allison Maldonado<\/span><\/td>\n<td valign=\"middle\">\n<p align=\"center\"><span style=\"color: #000000; font-family: Times; font-size: medium;\">Mestre<\/span><\/p>\n<\/td>\n<\/tr>\n<tr>\n<td valign=\"middle\"><span style=\"color: #000000; font-family: Times; font-size: medium;\">Prof. Me. Andr\u00e9 Antunes Salla Rosa<\/span><\/td>\n<td valign=\"middle\">\n<p align=\"center\"><span style=\"color: #000000; font-family: Times; font-size: medium;\">Mestre<\/span><\/p>\n<\/td>\n<\/tr>\n<tr>\n<td valign=\"middle\"><span style=\"color: #000000; font-family: Times; font-size: medium;\">Prof. Dr. Breno Fernando Martins de Almeida<\/span><\/td>\n<td valign=\"middle\">\n<p align=\"center\"><span style=\"color: #000000; font-family: Times; font-size: medium;\">Doutor<\/span><\/p>\n<\/td>\n<\/tr>\n<tr>\n<td valign=\"middle\"><span style=\"color: #000000; font-family: Times; font-size: medium;\">Prof. Me. Freddi Bardela de Souza<\/span><\/td>\n<td valign=\"middle\">\n<p align=\"center\"><span style=\"color: #000000; font-family: Times; font-size: medium;\">Mestre<\/span><\/p>\n<\/td>\n<\/tr>\n<tr>\n<td valign=\"middle\"><span style=\"color: #000000; font-family: Times; font-size: medium;\">Prof. Dr. Giovanna Gati de Souza<\/span><\/td>\n<td valign=\"middle\">\n<p align=\"center\"><span style=\"color: #000000; font-family: Times; font-size: medium;\">Mestre<\/span><\/p>\n<\/td>\n<\/tr>\n<tr>\n<td valign=\"middle\"><span style=\"color: #000000; font-family: Times; font-size: medium;\">Prof. Me. Lucas Emanuel Ferreira Canuto<\/span><\/td>\n<td valign=\"middle\">\n<p align=\"center\"><span style=\"color: #000000; font-family: Times; font-size: medium;\">Mestre<\/span><\/p>\n<\/td>\n<\/tr>\n<tr>\n<td valign=\"middle\"><span style=\"color: #000000; font-family: Times; font-size: medium;\">Prof. Dr. Marcel Gambin Marques<\/span><\/td>\n<td valign=\"middle\">\n<p align=\"center\"><span style=\"color: #000000; font-family: Times; font-size: medium;\">Doutor<\/span><\/p>\n<\/td>\n<\/tr>\n<tr>\n<td valign=\"middle\"><span style=\"color: #000000; font-family: Times; font-size: medium;\">Prof. Dr. Marcos Cezar Sant\u2019Anna<\/span><\/td>\n<td valign=\"middle\">\n<p align=\"center\"><span style=\"color: #000000; font-family: Times; font-size: medium;\">Doutor<\/span><\/p>\n<\/td>\n<\/tr>\n<tr>\n<td valign=\"middle\"><span style=\"color: #000000; font-family: Times; font-size: medium;\">Prof. Me. Mariana Lima Braga<\/span><\/td>\n<td valign=\"middle\">\n<p align=\"center\"><span style=\"color: #000000; font-family: Times; font-size: medium;\">Mestre<\/span><\/p>\n<\/td>\n<\/tr>\n<tr>\n<td valign=\"middle\"><span style=\"color: #000000; font-family: Times; font-size: medium;\">Prof. Me. Matheus Rocha Ribeiro<\/span><\/td>\n<td valign=\"middle\">\n<p align=\"center\"><span style=\"color: #000000; font-family: Times; font-size: medium;\">Mestre<\/span><\/p>\n<\/td>\n<\/tr>\n<tr>\n<td valign=\"middle\"><span style=\"color: #000000; font-family: Times; font-size: medium;\">Profa. Me. Su\u00e9lem Lavorato de Oliveira<\/span><\/td>\n<td valign=\"middle\">\n<p align=\"center\"><span style=\"color: #000000; font-family: Times; font-size: medium;\">Mestre<\/span><\/p>\n<\/td>\n<\/tr>\n<tr>\n<td valign=\"middle\"><span style=\"color: #000000; font-family: Times; font-size: medium;\">Prof. Me. Vinicius Aquiles Gomes Zamboni<\/span><\/td>\n<td valign=\"middle\">\n<p align=\"center\"><span style=\"color: #000000; font-family: Times; font-size: medium;\">Mestre<\/span><\/p>\n<\/td>\n<\/tr>\n<\/tbody>\n<\/table>\t\t\t\t\t\t\t\t<\/div>\n\t\t\t\t<\/div>\n\t\t\t\t\t<\/div>\n\t\t<\/div>\n\t\t\t\t\t<\/div>\n\t\t<\/section>\n\t\t\t\t<\/div>\n\t\t","protected":false},"excerpt":{"rendered":"<p>Corpo Docente Docente Titula\u00e7\u00e3o Prof. Me. Adrielle Levatti Mestre Prof. Me. Allison Maldonado Mestre Prof. Me. Andr\u00e9 Antunes Salla Rosa Mestre Prof. Dr. Breno Fernando Martins de Almeida Doutor Prof. Me. Freddi Bardela de Souza Mestre Prof. Dr. Giovanna Gati de Souza Mestre Prof. Me. Lucas Emanuel Ferreira Canuto Mestre Prof. Dr. Marcel Gambin Marques [&hellip;]<\/p>\n","protected":false},"author":2,"featured_media":0,"parent":0,"menu_order":0,"comment_status":"closed","ping_status":"closed","template":"","meta":{"footnotes":""},"_links":{"self":[{"href":"https:\/\/unifio.edu.br\/unifiohv\/wp-json\/wp\/v2\/pages\/846"}],"collection":[{"href":"https:\/\/unifio.edu.br\/unifiohv\/wp-json\/wp\/v2\/pages"}],"about":[{"href":"https:\/\/unifio.edu.br\/unifiohv\/wp-json\/wp\/v2\/types\/page"}],"author":[{"embeddable":true,"href":"https:\/\/unifio.edu.br\/unifiohv\/wp-json\/wp\/v2\/users\/2"}],"replies":[{"embeddable":true,"href":"https:\/\/unifio.edu.br\/unifiohv\/wp-json\/wp\/v2\/comments?post=846"}],"version-history":[{"count":60,"href":"https:\/\/unifio.edu.br\/unifiohv\/wp-json\/wp\/v2\/pages\/846\/revisions"}],"predecessor-version":[{"id":2666,"href":"https:\/\/unifio.edu.br\/unifiohv\/wp-json\/wp\/v2\/pages\/846\/revisions\/2666"}],"wp:attachment":[{"href":"https:\/\/unifio.edu.br\/unifiohv\/wp-json\/wp\/v2\/media?parent=846"}],"curies":[{"name":"wp","href":"https:\/\/api.w.org\/{rel}","templated":true}]}}